{"id":8,"date":"2012-12-16T02:39:59","date_gmt":"2012-12-16T02:39:59","guid":{"rendered":"http:\/\/accountingimpots.local\/?page_id=8"},"modified":"2026-01-28T21:39:21","modified_gmt":"2026-01-28T21:39:21","slug":"impots","status":"publish","type":"page","link":"https:\/\/www.accountingimpots.ca\/fr\/impots\/","title":{"rendered":"Services de pr\u00e9paration de d\u00e9clarations fiscales"},"content":{"rendered":"<h2 style=\"text-align: left;\"><span style=\"color: #1d8cc3;\">Comptable professionnel d&rsquo;imp\u00f4t d\u00e9sservant la r\u00e9gion d&rsquo;Ottawa \/ Gatineau<\/span><\/h2>\n<div class=\"red-border\" style=\"margin-bottom: 40px;\">\n<h3 class=\"large_underline\" style=\"margin-top: 5px;\" align=\"center\">La certitude dans la pr\u00e9paration des retours d\u2019imp\u00f4ts<\/h3>\n<p>Vos informations personnelles combin\u00e9es avec mes connaissances et services en mati\u00e8re d\u2019imposition aboutiront \u00e0 une demande de retour d\u2019imp\u00f4ts habillement pr\u00e9par\u00e9e. Avec mon logiciel de pr\u00e9paration d\u2019imp\u00f4t perfectionn\u00e9 et mon <a title=\"Bienvenue \u00e0 la firme comptable la plus fiable d'Ottawa!\" href=\"\/fr\">engagement<\/a> \u00e0 exceller pour servir tout les clients dans leur demande de retour d\u2019imp\u00f4t comme s\u2019il s\u2019agissait de ma propre demande, vous pouvez \u00eatre assur\u00e9 du fait que vous minimiserez vos imp\u00f4ts et maximiserez vos retours d\u2019imp\u00f4ts!<\/p>\n<p>J&rsquo;ai les outils, formulaires et fichiers pour vous aider \u00e0 vous pr\u00e9parer et \u00e0 vous simplifier le processus.<\/p>\n<div class=\"tax-pics\">\n<p><img decoding=\"async\" title=\"Maximiser votre retour et minimiser vos imp\u00f4ts!\" src=\"\/system\/media\/images\/maximize_fr.jpg\" alt=\"Maximiser votre retour et minimiser vos imp\u00f4ts!\" width=\"80%\" \/><\/p>\n<\/div>\n<p><strong>MON OBJECTIF:<\/strong><br \/>\nVous <strong>sauver du temps<\/strong> en pr\u00e9parant minutieusement votre d\u00e9claration dans le but de vous <strong>faire \u00e9pargner le plus d&rsquo;imp\u00f4ts<\/strong> possible tout en s&rsquo;assurant que vous \u00eates bien conforme pour <strong>minimiser le risque de v\u00e9rification<\/strong>, et s&rsquo;il y a lieu toute complication.<\/p>\n<p><strong>Vous serez heureux d\u2019avoir choisi <a title=\"10 meilleur raisons\" href=\"\/fr\/meilleures-raisons\/\">AccountingImp\u00f4ts<\/a>!<\/strong><br \/>\n<\/p>\n<div style=\"float: left; padding-left: 11%;\"><a href=\"https:\/\/www.genbook.com\/bookings\/slot\/reservation\/30107340\/reviews\/?bookingSourceId=1023\" target=\"_blank\" rel=\"nofollow noopener noreferrer\"><img loading=\"lazy\" decoding=\"async\" class=\"aligncenter\" src=\"https:\/\/www.genbook.com\/bookings\/images\/genbook-read-my-reviews-button.png\" alt=\"Autres t\u00e9moignages\" width=\"178\" height=\"74\" border=\"0\" \/><\/a><\/div>\n<p><\/p>\n<p style=\"clear: left;\"><a title=\"T\u00e9moignages\" href=\"\/fr\/temoignages\/\" target=\"_blank\" rel=\"noopener noreferrer\">Autres t\u00e9moignages de clients\u00a0disponible.<\/a><\/p>\n<div style=\"clear: both;\"><\/div>\n<\/div>\n<div class=\"tax-pics\">\n<div style=\"border: solid 1px #f00; border-radius: 10px; padding: 10px;\">\n<p><strong>Vous pouvez<\/strong> <a title=\"Contactez-nous - Cliquez BookNow\" href=\"\/fr\/contactez-nous\/\">prendre un rendez-vous<\/a> <strong>avec un comptable professionnel situ\u00e9 \u00e0 Ottawa!<\/strong><\/p>\n<p><a href=\"https:\/\/www.accountingimpots.ca\/wp-content\/uploads\/2026\/01\/Formulaire-Fr.-Formulaire-dinscription-et-dinformation-destine-aux-nouveaux-clients-2026.pdf\" target=\"_blank\" rel=\"noopener noreferrer\">Cliquez pour imprimer le Formulaire d\u2019inscription et d\u2019information destin\u00e9 aux nouveaux clients<\/a><br \/>\n(4 feuilles de format papier lettre)<br \/>\n<img loading=\"lazy\" decoding=\"async\" src=\"\/system\/media\/images\/accoutingimpots-logo.png\" alt=\"\" width=\"60\" height=\"60\" \/><\/p>\n<\/div>\n<\/div>\n<ul class=\"large_heading\">\n<li>\n<h3><strong>Pr\u00e9paration de la d\u00e9claration d\u2019imp\u00f4ts pour les particuliers, les professionnels et les entreprises<\/strong><\/h3>\n<\/li>\n<li>\n<h3><strong>Pr\u00e9paration de la d\u00e9claration d\u2019imp\u00f4t de soci\u00e9t\u00e9s<\/strong><\/h3>\n<\/li>\n<li>\n<h3><strong>Conseils fiscaux et planification<\/strong><\/h3>\n<\/li>\n<\/ul>\n<p><span style=\"font-size: 15px;\">Professionnel, pr\u00e9cis, digne de confiance et d\u00e9vou\u00e9 !<br \/>\nIl me fera plaisir de vous aider !<\/span><br \/>\n<strong>Service d\u2019un jour<\/strong> pour les clients r\u00e9guliers qui choisissent de continuer \u00e0 nous faire confiance l\u2019ann\u00e9e suivante et pour la plupart des nouveaux clients.<br \/>\nService par fichier \u00e9lectronique (TED) aussi disponible.<\/p>\n<p>Appelez-moi au :<br \/>\nT\u00e9l\u00e9phone: (613) 260-9641<br \/>\nT\u00e9l\u00e9copieur: (613) 260-8892<\/p>\n<p><em>Co\u00fbt du service de cueillette et de livraison \u00e0 domicile:<\/em><\/p>\n<ul>\n<li>un seul service uniquement (cueillette ou livraison) : $40 co\u00fbt additionnel<\/li>\n<li>cueillette et livraison \u00e0 domicile : $60 co\u00fbt additionnel<\/li>\n<li>aucun frais de livraison si vous d\u00e9posez et r\u00e9cup\u00e9rez vos documents \u00e0 notre bureau ou \u00e0 un des kiosques.<\/li>\n<\/ul>\n<p style=\"font-weight: bold; margin-top: 20px;\">Conseil pour vous aider \u00e0 minimiser vos frais de pr\u00e9paration:<\/p>\n<ul>\n<li>Ayez tous vos (et ceux de vos d\u00e9pendents) feuillets et documents en main et avec vous lors de votre premi\u00e8re visite. (Voir blog: Are you ready&#8230;.).<\/li>\n<li>Additionner, compiler et faire un sommaire de vos d\u00e9penses m\u00e9dicales (par individu) et vos d\u00e9penses d\u2019affaires. (Voir blog: Top Ten &#8211; Tips for Businesses).<\/li>\n<li>R\u00e9pondre le plus rapidement possible \u00e0 toutes demandes de renseignements manquants et additionnels.<\/li>\n<li>Ayez toutes les informations de votre d\u00e9claration de l&rsquo;ann\u00e9e ant\u00e9rieur (nouveau client seulement), votre Avis de cotisaion, changement d&rsquo;information personelle et vos informations d&rsquo;affaires avec vous.<\/li>\n<\/ul>\n<p>* \u00a0Les frais de pr\u00e9paration de d\u00e9claration d\u2019imp\u00f4ts fiscale varient selon le temps requis, leur complexit\u00e9 et le nombre d\u2019annexes utilis\u00e9es. Voir page <a title=\"Frais de service\" href=\"\/fr\/frais-service\/\">Frais de service<\/a>. Les frais de pr\u00e9paration d\u00e9butent \u00e0 120 $ pour une d\u00e9claration de base d\u2019Ontario \/ 135 $ pour une d\u00e9claration d\u2019imp\u00f4t de base du Qu\u00e9bec pour les feuillets et annexes plus le temps de consultation. Je vous encourageons \u00e0 faire appel \u00e0 nos services avant le mois de mars ou au mois de mai, o\u00f9 le temps de pr\u00e9paration est plus rapide, contrairement au mois d\u2019avril o\u00f9 nous travaillons \u00e0 pleine capacit\u00e9.<\/p>\n<p>** Veuillez vous assurer que vous avez votre <strong>Formulaire d\u2019inscription<\/strong> et d\u2019information destin\u00e9 aux nouveaux clients, <strong>Avis de Cotisation<\/strong> et <strong>TOUS vos documents<\/strong> en main avant de prendre un rendez-vous pour remettre vos feuillets d\u2019imp\u00f4t et vos informations. Des honoraires devront \u00eatre factur\u00e9s pour des livraisons de documents et visites r\u00e9p\u00e9titives.<\/p>\n<p>*** <span style=\"color: #ff0000;\">Un avis de 24 heures est requis pour toute annulation de rendez-vous;<\/span> autrement le client sera factur\u00e9 pour frais d\u2019annulation \u00e9quivalent \u00e0 1 heure de consultation.<\/p>\n<div style=\"padding-bottom:20px; padding-top:10px;\" class=\"hupso-share-buttons\"><!-- Hupso Share Buttons - http:\/\/www.hupso.com\/share\/ --><a class=\"hupso_toolbar\" href=\"http:\/\/www.hupso.com\/share\/\"><img decoding=\"async\" src=\"https:\/\/static.hupso.com\/share\/buttons\/lang\/fr\/share-medium.png\" style=\"border:0px; padding-top:5px; float:left;\" alt=\"Share Button\"\/><\/a><script type=\"text\/javascript\">var hupso_services_t=new Array(\"Twitter\",\"Facebook\",\"Google Plus\",\"Linkedin\");var hupso_background_t=\"#EAF4FF\";var hupso_border_t=\"#66CCFF\";var hupso_toolbar_size_t=\"medium\";var hupso_twitter_via = \"AccImpots\";var hupso_image_folder_url = \"\";var hupso_twitter_via=\"AccImpots\";var hupso_url_t=\"\";var hupso_title_t=\"Services de pr\u00e9paration de d\u00e9clarations fiscales\";<\/script><script type=\"text\/javascript\" src=\"https:\/\/static.hupso.com\/share\/js\/share_toolbar.js\"><\/script><!-- Hupso Share Buttons --><\/div>","protected":false},"excerpt":{"rendered":"<p>AccountingImp\u00f4ts &#8211; Service comptable professionnel d\u2019imp\u00f4t pour particuliers, les travailleurs autonomes et les entreprises incorpor\u00e9es &#8211; Ottawa<\/p>\n","protected":false},"author":1,"featured_media":0,"parent":0,"menu_order":0,"comment_status":"open","ping_status":"closed","template":"","meta":{"_aioseo_title":"AccountingImp\u00f4ts - Service comptable professionnel CPA","_aioseo_description":"AccountingImp\u00f4ts - Service comptable professionnel d\u2019imp\u00f4t pour particuliers, les travailleurs autonomes et les entreprises incorpor\u00e9es - Ottawa","footnotes":""},"class_list":["post-8","page","type-page","status-publish"],"_links":{"self":[{"href":"https:\/\/www.accountingimpots.ca\/fr\/wp-json\/wp\/v2\/pages\/8","targetHints":{"allow":["GET"]}}],"collection":[{"href":"https:\/\/www.accountingimpots.ca\/fr\/wp-json\/wp\/v2\/pages"}],"about":[{"href":"https:\/\/www.accountingimpots.ca\/fr\/wp-json\/wp\/v2\/types\/page"}],"author":[{"embeddable":true,"href":"https:\/\/www.accountingimpots.ca\/fr\/wp-json\/wp\/v2\/users\/1"}],"replies":[{"embeddable":true,"href":"https:\/\/www.accountingimpots.ca\/fr\/wp-json\/wp\/v2\/comments?post=8"}],"version-history":[{"count":80,"href":"https:\/\/www.accountingimpots.ca\/fr\/wp-json\/wp\/v2\/pages\/8\/revisions"}],"predecessor-version":[{"id":2164,"href":"https:\/\/www.accountingimpots.ca\/fr\/wp-json\/wp\/v2\/pages\/8\/revisions\/2164"}],"wp:attachment":[{"href":"https:\/\/www.accountingimpots.ca\/fr\/wp-json\/wp\/v2\/media?parent=8"}],"curies":[{"name":"wp","href":"https:\/\/api.w.org\/{rel}","templated":true}]}}