{"id":51,"date":"2012-12-16T02:55:04","date_gmt":"2012-12-16T02:55:04","guid":{"rendered":"http:\/\/accountingimpots.local\/?page_id=51"},"modified":"2026-04-04T03:14:19","modified_gmt":"2026-04-04T03:14:19","slug":"index","status":"publish","type":"page","link":"https:\/\/www.accountingimpots.ca\/fr\/","title":{"rendered":"Bienvenue \u00e0 la firme comptable la plus fiable d\u2019Ottawa!"},"content":{"rendered":"\n<div class=\"red-border\" style=\"width: 30%; min-width: 200px; float: right; margin: 10px; text-align: center;\">Cliquez pour prendre un rendez-vous :<br \/>\n(Max. 7 ou 14 jours \u00e0 l\u2019avance)<br \/>\n<strong>Les nouveaux clients doivent me contacter avant de prendre un rendez-vous svp.<\/strong><!--<a href=\"https:\/\/www.genbook.com\/bookings\/slot\/reservation\/30107340?bookingSourceId=1000&amp;category=174738263\" target=\"_blank\" rel=\"nofollow noopener noreferrer\"><img loading=\"lazy\" decoding=\"async\" src=\"https:\/\/www.genbook.com\/bookings\/images\/booknow\/orange-reverse-medium.png\" alt=\"Make an Online Appointment\" width=\"120\" height=\"41\" border=\"0\" \/><\/a>--><br \/>\n<script type=\"text\/javascript\" src=\"https:\/\/booksy.com\/widget\/code.js?id=11737&#038;country=ca&#038;lang=fr\"><\/script><\/p>\n<div style=\"padding: 2px 10px 8px;\">Vous serez heureux d\u2019avoir choisi <a title=\"Les 10 raisons pour choisir Martin Paradis comme comptable\" href=\"\/fr\/meilleures-raisons\/\">AccountingImp\u00f4ts<\/a>!<\/div>\n<div style=\"width: 178px; margin: 0 auto;\"><a href=\"https:\/\/booksy.com\/fr-ca\/11737_accountingimpots_other_845030_ottawa\" target=\"_blank\" rel=\"noopener noreferrer\"><img loading=\"lazy\" decoding=\"async\" src=\"https:\/\/www.genbook.com\/bookings\/images\/genbook-read-my-reviews-button.png\" alt=\"Read my Reviews\" width=\"178\" height=\"74\" border=\"0\" \/><\/a><\/div>\n<\/div>\n<p><\/p>\n<h2 style=\"text-align: left;\">Services professionnels en imp\u00f4t, comptabilit\u00e9 et syst\u00e8me par un Comptable Professionnel Agr\u00e9\u00e9<\/h2>\n<p><strong><span class=\"medium_heading\"><span style=\"color: #1d8cd1;\"><a style=\"color: #1d8cd1;\" title=\"10 meilleurs raisons\" href=\"\/fr\/meilleures-raisons\/\">Mon service<\/a><\/span> <span style=\"color: #0c7d99;\">professionnel bilingue d&rsquo;imp\u00f4t et de comptabilit\u00e9 est personnalis\u00e9, digne de confiance et d\u00e9vou\u00e9!<\/span><\/span><\/strong><\/p>\n<p><span style=\"color: #ff0000;\"><b>Les rendez-vous sont disponible par courriel seulement jusqu&rsquo;au 8 f\u00e9vrier, 2026.<br \/>\n<em>Les nouveaux clients<\/em> ne devraient pas attendre de recevoir tous leurs feuillets avant de me contacter mais de le faire imm\u00e9diatement avant que la grosse saison commence.\u00a0<\/b>\u00a0\u00a0<\/span><br \/>\n<span style=\"color: #ff0000;\"><b>&#8211; <span style=\"color: #3366ff;\">Veuillez lire la page &lsquo;<em>Frais de service<\/em>&lsquo; svp.\u00a0 <\/span><\/b><\/span><span style=\"color: #3366ff;\"><em>Mes services sont appropri\u00e9s pour ceux qui recherchent un service \u00e0 long terme <\/em><em>pour sauver du temps (de pr\u00e9paration), des probl\u00e8mes de v\u00e9rification avec l&rsquo;ARC, et sauv\u00e9s des imp\u00f4ts ou maximiser leurs remboursements (ce n&rsquo;est pas un service d&rsquo;entr\u00e9e de donn\u00e9es \u00e0 bas prix).<\/em><\/span><br \/>\n<span style=\"color: #ff0000;\"><b><em>&#8211; <\/em><\/b><span style=\"color: #3366ff;\"><em>Notez que votre coop\u00e9ration et efficacit\u00e9 sont essential au succ\u00e8s du processus de pr\u00e9paration de la d\u00e9claration. De plus, ce sera la<b> TOL\u00c9RANCE Z\u00c9RO pour les clients avec des comportements inappropri\u00e9s.<\/b><\/em><\/span><\/span><\/p>\n<p style=\"margin-top: 15px;\"><strong>Martin Paradis, CPA<\/strong>\u00a0se sp\u00e9cialise dans les services pour les revenus &amp; d\u00e9penses d\u2019emploie, les travailleurs autonomes, les professionnels, les propri\u00e9taires unique, les immeubles de location, et les petites et moyennes entreprises incorpor\u00e9es pour toutes les provinces canadiennes. Mon service proactif vise \u00e0 vous fournir une assistance exceptionnelle, des connaissances et des outils qui vous aideront \u00e0\u00a0simplifier vos t\u00e2ches administratives, et surtout qui vous sauveront du temps et des imp\u00f4ts!<\/p>\n<p>La firme comptable de Martin Paradis dessert la <strong>grande r\u00e9gion d\u2019Ottawa \/ Gatineau<\/strong> en fournissant des services de comptabilit\u00e9, de pr\u00e9paration de d\u00e9clarations fiscales bilingues et de conseils aux particuliers, aux organismes \u00e0 but non lucratif ainsi qu\u2019aux entreprises.<\/p>\n<ul>\n<li>\u00cates-vous \u00e0 la recherche d\u2019un service d&rsquo;imp\u00f4t\u00a0fiable et <a title=\"Heures de service\" href=\"\/fr\/heures-de-service-impots\/\">accessible<\/a>?<\/li>\n<li>Avez-vous besoin d\u2019outils simples pour vous aider \u00e0 pr\u00e9parer pour votre d\u00e9claration d\u2019imp\u00f4t?<\/li>\n<li>Souhaitez-vous \u00eatre desservi dans la langue de votre choix?<\/li>\n<li>Vous ne voulez pas risquer d\u2019omettre dans votre d\u00e9claration d\u2019imp\u00f4ts des <a title=\"Astuces - Conseils-imp\u00f4ts\" href=\"\/fr\/conseils-impots\/\">cr\u00e9dits potentiels ou des d\u00e9ductions<\/a> auxquelles vous pourriez avoir droit?<\/li>\n<li>Utilisez-vous de grandes franchises d&rsquo;entr\u00e9e de donn\u00e9es impersonnelles juste pour essayer d&rsquo;\u00e9conomiser quelques dollars en frais?<\/li>\n<li>Pourquoi payer des honoraires excessifs \u00e0 des grandes firmes comptables avec d\u2019\u00e9norme frais g\u00e9n\u00e9raux?<\/li>\n<li>Vous en avez assez d\u2019\u00eatre consid\u00e9r\u00e9 comme un num\u00e9ro \ud83d\ude42 ?<\/li>\n<li>Avez-vous besoin d\u2019aide ou de conseils au niveau financier, imp\u00f4t, gestion ou pour le d\u00e9veloppement d\u2019un syst\u00e8me?<\/li>\n<li>Avez-vous besoin d\u2019aide pour la tenue de vos livres, vos finances ou syst\u00e8me comptable?<\/li>\n<li>D\u00e9marrez-vous votre propre entreprise? Prenez <a title=\"Contactez-nous\" href=\"\/fr\/contactez-nous\/\">un rendez-vous<\/a> car nous sommes l\u00e0 pour vous aider!<\/li>\n<\/ul>\n<p style=\"margin-bottom: 20px;\"><strong>Je serais ravi de vous aider et vous pourriez compter sur notre assistance professionnelle afin de vous aider \u00e0 vous organiser!<\/strong><\/p>\n<div class=\"red-border\">\n<p style=\"margin-top: 0px; font-weight: bold; text-decoration: underline; text-align: center;\">D\u00e9claration d\u2019engagement de service<\/p>\n<p>Je m\u2019engage \u00e0 offrir, en tant que comptable, \u00e0 tous mes clients un service professionnel d&rsquo;imp\u00f4t et de comptabilit\u00e9 le plus personnalis\u00e9, fiable, bilingue et digne de confiance soit-il. Ma vocation, en tant que Comptable Professionnel Agr\u00e9\u00e9 (CPA), est d\u2019aider les particuliers avec la pr\u00e9paration de leur d\u00e9claration d&rsquo;imp\u00f4t, et les petites et moyennes entreprises, les organismes \u00e0 but non lucratif, les bureaux de sant\u00e9 \u00e0 d\u00e9marrer, rationnaliser, renforcer et r\u00e9organiser leurs op\u00e9rations financi\u00e8res et comptables, de la fa\u00e7on la plus tangible, efficace et avanc\u00e9e possible.<\/p>\n<p>Je respecte mes clients et je me soucie de la qualit\u00e9 de <a title=\"T\u00e9moignages\" href=\"\/fr\/temoignages\/\">mes services et de ma r\u00e9putation<\/a>.<br \/>\nMon objectif: que chaque client soit pleinement satisfait et m\u2019assurer que leurs attentes soient remplies afin qu\u2019ils fassent encore affaire avec moi dans les ann\u00e9es \u00e0 venir.<\/p>\n<p><strong>Viser \u00e0 offrir un meilleur service, \u00eatre de meilleurs personnes et vivre dans un meilleur monde.<\/strong><\/p>\n<p><a href=\"https:\/\/whc.ca\/ecoresponsable\/?aff=3153&amp;gbid=2fr\"><img decoding=\"async\" class=\"aligncenter\" src=\"https:\/\/s.whc.ca\/badges\/green-badge-2-fr.svg\" alt=\"Sceau h\u00e9bergement \u00e9coresponsable\" width=\"88\" \/><\/a><\/p>\n<\/div>\n<div style=\"padding-bottom:20px; padding-top:10px;\" class=\"hupso-share-buttons\"><!-- Hupso Share Buttons - http:\/\/www.hupso.com\/share\/ --><a class=\"hupso_toolbar\" href=\"http:\/\/www.hupso.com\/share\/\"><img decoding=\"async\" src=\"https:\/\/static.hupso.com\/share\/buttons\/lang\/fr\/share-medium.png\" style=\"border:0px; padding-top:5px; float:left;\" alt=\"Share Button\"\/><\/a><script type=\"text\/javascript\">var hupso_services_t=new Array(\"Twitter\",\"Facebook\",\"Google Plus\",\"Linkedin\");var hupso_background_t=\"#EAF4FF\";var hupso_border_t=\"#66CCFF\";var hupso_toolbar_size_t=\"medium\";var hupso_twitter_via = \"AccImpots\";var hupso_image_folder_url = \"\";var hupso_twitter_via=\"AccImpots\";var hupso_url_t=\"\";var hupso_title_t=\"Bienvenue \u00e0 la firme comptable la plus fiable d\u2019Ottawa!\";<\/script><script type=\"text\/javascript\" src=\"https:\/\/static.hupso.com\/share\/js\/share_toolbar.js\"><\/script><!-- Hupso Share Buttons --><\/div>","protected":false},"excerpt":{"rendered":"<p>Accueil &#8211; Service comptable professionnel d\u2019imp\u00f4t et comptabilit\u00e9 pour particuliers, les travailleurs autonomes et les entreprises incorpor\u00e9es.<\/p>\n","protected":false},"author":1,"featured_media":0,"parent":0,"menu_order":0,"comment_status":"open","ping_status":"open","template":"","meta":{"_aioseo_title":"AccountingImp\u00f4ts - Service comptable professionnel CPA","_aioseo_description":"Accueil - Service comptable professionnel d\u2019imp\u00f4t et comptabilit\u00e9 pour particuliers, les travailleurs autonomes et les entreprises incorpor\u00e9es.","footnotes":""},"class_list":["post-51","page","type-page","status-publish"],"_links":{"self":[{"href":"https:\/\/www.accountingimpots.ca\/fr\/wp-json\/wp\/v2\/pages\/51","targetHints":{"allow":["GET"]}}],"collection":[{"href":"https:\/\/www.accountingimpots.ca\/fr\/wp-json\/wp\/v2\/pages"}],"about":[{"href":"https:\/\/www.accountingimpots.ca\/fr\/wp-json\/wp\/v2\/types\/page"}],"author":[{"embeddable":true,"href":"https:\/\/www.accountingimpots.ca\/fr\/wp-json\/wp\/v2\/users\/1"}],"replies":[{"embeddable":true,"href":"https:\/\/www.accountingimpots.ca\/fr\/wp-json\/wp\/v2\/comments?post=51"}],"version-history":[{"count":173,"href":"https:\/\/www.accountingimpots.ca\/fr\/wp-json\/wp\/v2\/pages\/51\/revisions"}],"predecessor-version":[{"id":2181,"href":"https:\/\/www.accountingimpots.ca\/fr\/wp-json\/wp\/v2\/pages\/51\/revisions\/2181"}],"wp:attachment":[{"href":"https:\/\/www.accountingimpots.ca\/fr\/wp-json\/wp\/v2\/media?parent=51"}],"curies":[{"name":"wp","href":"https:\/\/api.w.org\/{rel}","templated":true}]}}