{"id":49,"date":"2012-12-16T02:54:15","date_gmt":"2012-12-16T02:54:15","guid":{"rendered":"http:\/\/accountingimpots.local\/?page_id=49"},"modified":"2014-11-28T03:15:18","modified_gmt":"2014-11-28T03:15:18","slug":"accomplissements-carriere","status":"publish","type":"page","link":"https:\/\/www.accountingimpots.ca\/fr\/accomplissements-carriere\/","title":{"rendered":"Accomplissements de carri\u00e8re"},"content":{"rendered":"<ul>\n<li>A d\u00e9velopp\u00e9 et mis en \u0153uvre plusieurs syst\u00e8mes de comptabilit\u00e9 dans les d\u00e9partements de soins de sant\u00e9 et d\u2019organismes \u00e0 but non lucratif.<\/li>\n<li>A effectu\u00e9 des pr\u00e9parations de v\u00e9rifications et c\u00e9dules pour d\u00e9partements de sant\u00e9 et organismes subventionn\u00e9s par le gouvernement.<\/li>\n<li>A acquis une client\u00e8le en comptabilit\u00e9, imp\u00f4t et en fiscalit\u00e9 \u00e0 travers des r\u00e9seaux de contacts par le biais d\u2019\u00e9v\u00e9nements promotionnels, des r\u00e9f\u00e9rences et de r\u00e9seautage.<\/li>\n<li>A modernis\u00e9 et enti\u00e8rement red\u00e9velopp\u00e9 les d\u00e9partements TI &amp; Comptabilit\u00e9 \u00e0 l\u2019Association des Entra\u00eeneurs du Canada.<\/li>\n<li>A d\u00e9velopp\u00e9 toutes les fonctions de finance et de comptabilit\u00e9 \u00e0 partir de z\u00e9ro \u00e0 la Soci\u00e9t\u00e9 Sant\u00e9 en fran\u00e7ais<\/li>\n<li>A cr\u00e9\u00e9 des rapports financiers internes pour le service de sant\u00e9 SCO et des rapports externes pour le gouvernement.<\/li>\n<li>A exerc\u00e9 toutes les fonctions comptables pour la R\u00e9sidence Saint-Louis et Consortium<\/li>\n<li>A effectu\u00e9 l\u2019analyse financi\u00e8re d\u2019\u00e9tats financiers d\u2019organisations vari\u00e9es pour le gouvernement f\u00e9d\u00e9ral.<\/li>\n<li>Chef de projet pour la mise en place du syst\u00e8me d\u2019achats et d\u2019inventaires ADACO pour l\u2019h\u00f4tel Westin.<\/li>\n<li>A \u00e9t\u00e9 impliqu\u00e9 dans la mise en place d\u2019une \u00e9quipe pour les immobilisations et les syst\u00e8mes de comptabilit\u00e9 pour l\u2019h\u00f4tel Westin.<\/li>\n<li>A \u00e9t\u00e9 promu deux fois et impliqu\u00e9 dans l\u2019\u00e9quipe de r\u00e9implantation pour d\u00e9m\u00e9nager le si\u00e8ge social de Compaq, Sydney, Australie.<\/li>\n<li>Personne-ressource qui est all\u00e9e \u00e0 Londres, Royaume-Uni seul pour travailler l\u2019\u00e9t\u00e9 et \u00e0 Sydney, Australie pour travailler avec un visa de travail d\u2019un an et pendant cinq ans \u00e0 Banff, Alberta.<\/li>\n<\/ul>\n<p style=\"text-align: center;\"><img decoding=\"async\" title=\"\" src=\"\/wp-content\/uploads\/2014\/10\/a-rotator.gif\" alt=\"\" \/><\/p>\n<div style=\"padding-bottom:20px; padding-top:10px;\" class=\"hupso-share-buttons\"><!-- Hupso Share Buttons - http:\/\/www.hupso.com\/share\/ --><a class=\"hupso_toolbar\" href=\"http:\/\/www.hupso.com\/share\/\"><img decoding=\"async\" src=\"https:\/\/static.hupso.com\/share\/buttons\/lang\/fr\/share-medium.png\" style=\"border:0px; padding-top:5px; float:left;\" alt=\"Share Button\"\/><\/a><script type=\"text\/javascript\">var hupso_services_t=new Array(\"Twitter\",\"Facebook\",\"Google Plus\",\"Linkedin\");var hupso_background_t=\"#EAF4FF\";var hupso_border_t=\"#66CCFF\";var hupso_toolbar_size_t=\"medium\";var hupso_twitter_via = \"AccImpots\";var hupso_image_folder_url = \"\";var hupso_twitter_via=\"AccImpots\";var hupso_url_t=\"\";var hupso_title_t=\"Accomplissements de carri\u00e8re\";<\/script><script type=\"text\/javascript\" src=\"https:\/\/static.hupso.com\/share\/js\/share_toolbar.js\"><\/script><!-- Hupso Share Buttons --><\/div>","protected":false},"excerpt":{"rendered":"<p>Accomplissements de carri\u00e8re &#8211; Service comptable professionnel de d\u00e9claration d&rsquo;imp\u00f4t et comptabilit\u00e9 pour particuliers et entreprises \u2013 Ottawa <\/p>\n","protected":false},"author":1,"featured_media":0,"parent":0,"menu_order":0,"comment_status":"open","ping_status":"open","template":"","meta":{"_aioseo_title":"AccountingImp\u00f4ts - Service comptable professionnel CPA","_aioseo_description":"Accomplissements de carri\u00e8re - Service comptable professionnel de d\u00e9claration d'imp\u00f4t et comptabilit\u00e9 pour particuliers et entreprises \u2013 Ottawa ","footnotes":""},"class_list":["post-49","page","type-page","status-publish"],"_links":{"self":[{"href":"https:\/\/www.accountingimpots.ca\/fr\/wp-json\/wp\/v2\/pages\/49","targetHints":{"allow":["GET"]}}],"collection":[{"href":"https:\/\/www.accountingimpots.ca\/fr\/wp-json\/wp\/v2\/pages"}],"about":[{"href":"https:\/\/www.accountingimpots.ca\/fr\/wp-json\/wp\/v2\/types\/page"}],"author":[{"embeddable":true,"href":"https:\/\/www.accountingimpots.ca\/fr\/wp-json\/wp\/v2\/users\/1"}],"replies":[{"embeddable":true,"href":"https:\/\/www.accountingimpots.ca\/fr\/wp-json\/wp\/v2\/comments?post=49"}],"version-history":[{"count":3,"href":"https:\/\/www.accountingimpots.ca\/fr\/wp-json\/wp\/v2\/pages\/49\/revisions"}],"predecessor-version":[{"id":1354,"href":"https:\/\/www.accountingimpots.ca\/fr\/wp-json\/wp\/v2\/pages\/49\/revisions\/1354"}],"wp:attachment":[{"href":"https:\/\/www.accountingimpots.ca\/fr\/wp-json\/wp\/v2\/media?parent=49"}],"curies":[{"name":"wp","href":"https:\/\/api.w.org\/{rel}","templated":true}]}}