{"id":44,"date":"2012-12-16T02:53:07","date_gmt":"2012-12-16T02:53:07","guid":{"rendered":"http:\/\/accountingimpots.local\/?page_id=44"},"modified":"2020-12-01T18:27:08","modified_gmt":"2020-12-01T18:27:08","slug":"profil","status":"publish","type":"page","link":"https:\/\/www.accountingimpots.ca\/fr\/profil\/","title":{"rendered":"Profil"},"content":{"rendered":"<p>Martin Paradis a plus de 20 ans d\u2019exp\u00e9rience comme comptable dans le domaine de la finance et de la comptabilit\u00e9.<\/p>\n<p>Martin poss\u00e8de une solide formation acad\u00e9mique en comptabilit\u00e9 acquise lors de ses \u00e9tudes \u00e0 l\u2019Universit\u00e9 Concordia (BCommerce-Comptabilit\u00e9) et s\u2019est distingu\u00e9 par ses bons r\u00e9sultats scolaires (moyenne cumulative de 2.91). En f\u00e9vrier 1999, il a satisfait aux exigences et a re\u00e7u son titre de CMA. Il a \u00e9galement obtenu des exemptions pour les deux langues officielles (\u00e9crit, oral et compr\u00e9hension) et une cote de s\u00e9curit\u00e9.<\/p>\n<p>Il pass\u00e9 plus de 15 ans \u00e0 effectuer des contrats, en plus de la pr\u00e9paration de demandes de retours d\u2019imp\u00f4ts sur le revenu (pendant 16 ans). Martin a une large et solide exp\u00e9rience en finance et en gestion qui couvre diff\u00e9rents secteurs des affaires.<\/p>\n<p>Il a graduellement d\u00e9velopp\u00e9 son cabinet depuis novembre 2006. Il souhaite s\u2019\u00e9tablir comme un fournisseur solide et reconnu pour ses services de comptabilit\u00e9 et services fiscaux dans l\u2019industrie.<\/p>\n<p>Martin est tr\u00e8s fier de son travail et la satisfaction de ses clients est primordiale pour lui. En d\u00e9pit des obstacles et des longues heures de travail, Martin appr\u00e9cie l\u2019ind\u00e9pendance, la libert\u00e9 et la flexibilit\u00e9 qui vient avec le fait d\u2019\u00eatre \u00e0 la t\u00eate de sa propre entreprise.<\/p>\n<p>Il est aussi f\u00e9ru de voyages, ayant v\u00e9cu et travaill\u00e9 \u00e0 Sydney, Australie, Londres, Royaume-Uni, et Banff, Alberta. Il a aussi voyag\u00e9 dans 13 pays europ\u00e9ens, en Nouvelle Z\u00e9lande, aux Iles Fidji, \u00e0 Hawaii, Hong Kong, le Japon et dans la plupart des \u00c9tats am\u00e9ricains (incluant l\u2019Alaska), la plupart des pays en Am\u00e9rique Centrale et toutes les provinces canadiennes.<\/p>\n<h1 class=\"entry-title\" style=\"margin-top: 20px;\">Implication communautaire<\/h1>\n<p>Martin est extr\u00eamement engag\u00e9 et d\u00e9vou\u00e9 au bien-\u00eatre de sa communaut\u00e9.<\/p>\n<p>Il est engag\u00e9 dans des activit\u00e9s de b\u00e9n\u00e9volat pour des organisations comme Op\u00e9ration Nez rouge, le Centre des personnes \u00e2g\u00e9es du Glebe, Grand Fr\u00e8res Grandes S\u0153urs d\u2019Ottawa, Entraide Budg\u00e9taire (budget et aide \u00e0 la pr\u00e9paration de d\u00e9clarations fiscales pour les personnes limit\u00e9es ou sans ressources financi\u00e8res) et d\u2019autres organisations communautaires vari\u00e9es.<\/p>\n<p>Il est aussi tr\u00e8s actif physiquement et participe \u00e0 de nombreuses activit\u00e9s sportives, comme des courses de charit\u00e9, le Gatineau Loppet, Festival de Courses de Bateaux-Dragons, club de canoe, club de cyclistes, des tournois de volleyball et prend part \u00e0 des ligues de hockey communautaires. Depuis les 24 derni\u00e8res ann\u00e9es Martin a particip\u00e9 chaque ann\u00e9e \u00e0 la course Terry Fox qu\u2019il a beaucoup \u00e0 coeur. Il souhaite d\u2019ailleurs encourager chacun \u00e0 participer \u00e0 cette cause digne et importante.<\/p>\n<p style=\"margin-top: 20px;\" align=\"center\"><img decoding=\"async\" style=\"border: solid 1px gray;\" src=\"\/wp-content\/uploads\/2014\/10\/martin_overview.jpg\" alt=\"\" \/><\/p>\n<div style=\"margin: auto; width: 100%; text-align: center; margin-left: 100px;\"><\/div>\n<div style=\"padding-bottom:20px; padding-top:10px;\" class=\"hupso-share-buttons\"><!-- Hupso Share Buttons - http:\/\/www.hupso.com\/share\/ --><a class=\"hupso_toolbar\" href=\"http:\/\/www.hupso.com\/share\/\"><img decoding=\"async\" src=\"https:\/\/static.hupso.com\/share\/buttons\/lang\/fr\/share-medium.png\" style=\"border:0px; padding-top:5px; float:left;\" alt=\"Share Button\"\/><\/a><script type=\"text\/javascript\">var hupso_services_t=new Array(\"Twitter\",\"Facebook\",\"Google Plus\",\"Linkedin\");var hupso_background_t=\"#EAF4FF\";var hupso_border_t=\"#66CCFF\";var hupso_toolbar_size_t=\"medium\";var hupso_twitter_via = \"AccImpots\";var hupso_image_folder_url = \"\";var hupso_twitter_via=\"AccImpots\";var hupso_url_t=\"\";var hupso_title_t=\"Profil\";<\/script><script type=\"text\/javascript\" src=\"https:\/\/static.hupso.com\/share\/js\/share_toolbar.js\"><\/script><!-- Hupso Share Buttons --><\/div>","protected":false},"excerpt":{"rendered":"<p>Profil et implication communautaire &#8211; Service comptable pour la d\u00e9claration d&rsquo;imp\u00f4t et la comptabilit\u00e9 pour particuliers et entreprises \u2013 Ottawa <\/p>\n","protected":false},"author":1,"featured_media":0,"parent":0,"menu_order":0,"comment_status":"open","ping_status":"closed","template":"","meta":{"_aioseo_title":"AccountingImp\u00f4ts -vService comptable professionnel CPA","_aioseo_description":"Profil et implication communautaire - Service comptable pour la d\u00e9claration d'imp\u00f4t et la comptabilit\u00e9 pour particuliers et entreprises \u2013 Ottawa ","footnotes":""},"class_list":["post-44","page","type-page","status-publish"],"_links":{"self":[{"href":"https:\/\/www.accountingimpots.ca\/fr\/wp-json\/wp\/v2\/pages\/44","targetHints":{"allow":["GET"]}}],"collection":[{"href":"https:\/\/www.accountingimpots.ca\/fr\/wp-json\/wp\/v2\/pages"}],"about":[{"href":"https:\/\/www.accountingimpots.ca\/fr\/wp-json\/wp\/v2\/types\/page"}],"author":[{"embeddable":true,"href":"https:\/\/www.accountingimpots.ca\/fr\/wp-json\/wp\/v2\/users\/1"}],"replies":[{"embeddable":true,"href":"https:\/\/www.accountingimpots.ca\/fr\/wp-json\/wp\/v2\/comments?post=44"}],"version-history":[{"count":13,"href":"https:\/\/www.accountingimpots.ca\/fr\/wp-json\/wp\/v2\/pages\/44\/revisions"}],"predecessor-version":[{"id":1967,"href":"https:\/\/www.accountingimpots.ca\/fr\/wp-json\/wp\/v2\/pages\/44\/revisions\/1967"}],"wp:attachment":[{"href":"https:\/\/www.accountingimpots.ca\/fr\/wp-json\/wp\/v2\/media?parent=44"}],"curies":[{"name":"wp","href":"https:\/\/api.w.org\/{rel}","templated":true}]}}