{"id":42,"date":"2012-12-16T02:52:30","date_gmt":"2012-12-16T02:52:30","guid":{"rendered":"http:\/\/accountingimpots.local\/?page_id=42"},"modified":"2026-04-19T00:57:34","modified_gmt":"2026-04-19T00:57:34","slug":"frais-service","status":"publish","type":"page","link":"https:\/\/www.accountingimpots.ca\/fr\/frais-service\/","title":{"rendered":"Frais de service"},"content":{"rendered":"<h2>Explication des frais de service<\/h2>\n<p>&#8211; La tarification semi-automatis\u00e9e varie selon la complexit\u00e9 de votre d\u00e9claration d&rsquo;imp\u00f4t, qui en retour est bas\u00e9e sur le nombre de feuillets soumis, annexes utilis\u00e9es, outils et fichiers requis par le client, d\u00e9lai et la qualit\u00e9 des dossiers client, documents et informations soumises, nombre de courriels (moyenne de 10\/hre.), appels t\u00e9l\u00e9phoniques, ainsi que le temps pass\u00e9 avec le client.<br \/>\n&#8211; Toutes les factures sont dues et payables sur pr\u00e9sentation la facture.<br \/>\n&#8211; Notez que les frais de service pour la pr\u00e9paration des d\u00e9clarations personnels ne sont pas d\u00e9ductible mais que ceux pour les propri\u00e9t\u00e9s de location et les entreprises sont enti\u00e8rement d\u00e9ductible d&rsquo;imp\u00f4t.<\/p>\n<p><em>*(Svp lire les explications d\u00e9taill\u00e9es plus bas et prendre note que <strong>je ne peux faire d&rsquo;estimation de co\u00fbts pour les nouveaux clients<\/strong> due \u00e0 la nature impr\u00e9visible des nouveaux engagements.) <\/em><br \/>\n<em>*(Tous les engagements pour la r\u00e9vision et l&rsquo;analyse d&rsquo;informations du <strong>syst\u00e8me de paie Ph\u00e9nix<\/strong> seront facturer au taux de $230\/heure De 1.5 \u00e0 5 hres. par ann\u00e9e sont normalement requis.)<\/em><\/p>\n<hr \/>\n<h2>La structure des frais a deux composants :<\/h2>\n<h3><em>Frais de consultation :<\/em><\/h3>\n<p>Le <strong>premier composant<\/strong> des frais de service est bas\u00e9s sur le tableau de frais horaire pour consultation, la communication (appels, courriels, etc&#8230;) avec le client, ainsi que pour les livraisons r\u00e9p\u00e9titives.<br \/>\n&#8211; La politique de facturation pour nos services comptable et d&rsquo;imp\u00f4t est bas\u00e9e sur un taux horaire de 200 $\/hre. pour les imp\u00f4ts de particuliers r\u00e9guliers, et de 220 $\/hre. pour des services de pr\u00e9paration de d\u00e9claration d&rsquo;imp\u00f4t et de comptabilit\u00e9 pour la T1135 (revenus \u00e9trangers), d\u00e9claration T1 finale, d\u00e9penses d&#8217;emploi T777, immeuble de location T776, pour affaires T2125 &amp; corporation T2 (les trois deniers sont d\u00e9ductible d&rsquo;imp\u00f4t). Taux horaire est de 220 $\/ 240 $hre. pour tous services relatif aux ann\u00e9es fiscales ant\u00e9rieur \u00e0 l&rsquo;ann\u00e9e courante. Les consultations individuelles (en dehors de la pr\u00e9paration fiscale) pour les pensions, paies, comptabilit\u00e9, etc&#8230; seront facturer au taux de $220\/hre.<br \/>\n&#8211; Des frais sont applicable pour le temps utilis\u00e9 afin de pr\u00e9parer et vous fournir les services professionnels de comptabilit\u00e9 et fiscaux n\u00e9cessaires. Notez que le temps requis, et cons\u00e9quemment les frais, sont habituellement plus \u00e9lev\u00e9s pour la premi\u00e8re ann\u00e9e suite \u00e0 l&rsquo;ouverture des dossiers du client, l&rsquo;envoie des formulaires d&rsquo;autorisations de l&rsquo;ARC et pour le temps d&rsquo;apprendtisage des procedures et de l&rsquo;information pour le client et le comptable.<br \/>\n&#8211; Le temps facturable sera applicable aux courriels (apr\u00e8s les 2 premiers re\u00e7us ou envoy\u00e9s) au taux \u00e9quivalent de 10 courriels pour une heure de service, appels t\u00e9l\u00e9phonique (plus de 5 minutes), frais de d\u00e9placement et temps de recherche requis.<br \/>\n&#8211; Frais de d\u00e9placement au domicile du client: $40 pour une cueillete aller simple, $60 pour une cueillette et remise des documents.<br \/>\n&#8211; Frais minimum de 30 minutes par consultation par personne.<\/p>\n<h3><em>Frais de pr\u00e9paration :<\/em><\/h3>\n<p>Le <strong>deuxi\u00e8me composant<\/strong> est bas\u00e9 sur un tableau de frais automatis\u00e9s par feuillet, annexe, et formulaire pour prendre en compte la r\u00e9vision, analyse et l&rsquo;entr\u00e9e de ceux-ci.<\/p>\n<hr \/>\n<p><strong>D\u00e9claration d&rsquo;imp\u00f4t pour particuliers:<\/strong><br \/>\nles frais de pr\u00e9paration d\u00e9butent \u00e0 150 $* pour les feuillets et annexes <em>plus le temps de consultation<\/em> avec le client(e) pour une d\u00e9claration de base (un feuillet T4) de l\u2019Ontario \/ 175 $* pour une d\u00e9claration d\u2019imp\u00f4t de base (un feuillet T4) du Qu\u00e9bec. Vous \u00eates encourager \u00e0 faire appel \u00e0 nos services durant les mois de janvier, f\u00e9vrier et mai, lorsque qu&rsquo;il y a beaucoup plus de disponibilit\u00e9s, contrairement au mois de mars et avril o\u00f9 c&rsquo;est \u00e0 pleine capacit\u00e9.<\/p>\n<p><strong>Employ\u00e9s (\u00e0 commission ou salari\u00e9) avec des d\u00e9penses d\u2019emploi (formulaire T2200):<\/strong><br \/>\nle co\u00fbt d\u00e9bute \u00e0 300 $ pour les feuillets et annexes <em>plus le temps de consultation<\/em> avec le client(e).<\/p>\n<p><strong>Immeuble de location:<\/strong><br \/>\nle co\u00fbt d\u00e9bute \u00e0 425 $ pour les feuillets et annexes <em>plus le temps de consultation<\/em> avec le client(e).<\/p>\n<p><strong>Travailleur autonome professionnel, propri\u00e9taire unique et, petite et moyenne entreprise non-incorpor\u00e9e:<\/strong><br \/>\nle co\u00fbt d\u00e9bute \u00e0 450 $ pour les feuillets et annexes <em>plus le temps de consultation<\/em> avec le client(e).<\/p>\n<p><strong>Professionnel et entreprise incorpor\u00e9e:<\/strong><br \/>\nle co\u00fbt d\u00e9bute \u00e0 950 $ pour les feuillets et annexes <em>plus le temps de consultation<\/em> avec le client(e).<\/p>\n<hr \/>\n<h3>Responsabilit\u00e9s du client**<\/h3>\n<p>&#8211; Le client est responsable de nous fournir toute l&rsquo;information, documents et syst\u00e8me ad\u00e9quat sans d\u00e9lais ou dans un d\u00e9lai minimal. Notez que tous les documents seront retourn\u00e9s au client lors de la consultation finale sans exception.<\/p>\n<p><strong>* <span style=\"color: #ff0000;\">Nouveaux clients:<\/span><\/strong> les frais pour la pr\u00e9paration des d\u00e9clarations d&rsquo;imp\u00f4ts inclus une consultation initiale de 15 minutes et une consultation de r\u00e9vision finale de 15 minutes gratuites pour tous les nouveaux clients (par famille). Un taux horaire sera factur\u00e9 au client par la suite. Tous les frais indiqu\u00e9s exclus la TVH. <strong>Des honoraires<\/strong> devront \u00eatre factur\u00e9s pour des<strong> livraisons de documents et visites r\u00e9p\u00e9titives<\/strong>.<\/p>\n<p><strong>**<\/strong> Veuillez noter qu\u2019<span style=\"color: #ff0000;\"><strong>une avance<\/strong><\/span> <strong>par ann\u00e9e par client \/ couple<\/strong> sera requise pour les services pour <strong>tous les nouveaux clients<\/strong> pour la premi\u00e8re ann\u00e9e. Un d\u00e9p\u00f4t minimum $175 + TVH pour un particulier, de $300 +TVH pour un couple pour les services de pr\u00e9paration de d\u00e9claration d&rsquo;imp\u00f4ts personnel, de $350 + TVH pour des services de pr\u00e9paration fiscale pour un immeuble de location &amp; pour entreprises et $450 + TVH pour la pr\u00e9paration fiscale d&rsquo;une corporation sera requis. Veuillez faire parvenir <strong><em>votre virement Interac au moins 48 heures avant la consultation initiale<\/em><\/strong>.<\/p>\n<p><b>*** <span style=\"color: #ff0000;\">Politique d&rsquo;annulation:\u00a0<\/span> <\/b>En cas d&rsquo;annulation de rendez-vous, vous \u00eates pri\u00e9 <em>d&rsquo;aviser 24 heures \u00e0 l&rsquo;avance<\/em>, sinon des <strong>frais d&rsquo;une heure de consultation vous seront factur\u00e9s<\/strong>, sans aucune exception.<\/p>\n<p style=\"margin-top: 20px;\"><span style=\"text-decoration: underline;\"><i>Co\u00fbt du service de cueillette et de livraison \u00e0 domicile:<\/i><\/span><\/p>\n<ul>\n<li>un seul service uniquement (cueillette ou livraison) : 40 $ additionnel<\/li>\n<li>cueillette et livraison \u00e0 domicile : 60 $ additionnel<\/li>\n<\/ul>\n<div style=\"padding-bottom:20px; padding-top:10px;\" class=\"hupso-share-buttons\"><!-- Hupso Share Buttons - http:\/\/www.hupso.com\/share\/ --><a class=\"hupso_toolbar\" href=\"http:\/\/www.hupso.com\/share\/\"><img decoding=\"async\" src=\"https:\/\/static.hupso.com\/share\/buttons\/lang\/fr\/share-medium.png\" style=\"border:0px; padding-top:5px; float:left;\" alt=\"Share Button\"\/><\/a><script type=\"text\/javascript\">var hupso_services_t=new Array(\"Twitter\",\"Facebook\",\"Google Plus\",\"Linkedin\");var hupso_background_t=\"#EAF4FF\";var hupso_border_t=\"#66CCFF\";var hupso_toolbar_size_t=\"medium\";var hupso_twitter_via = \"AccImpots\";var hupso_image_folder_url = \"\";var hupso_twitter_via=\"AccImpots\";var hupso_url_t=\"\";var hupso_title_t=\"Frais de service\";<\/script><script type=\"text\/javascript\" src=\"https:\/\/static.hupso.com\/share\/js\/share_toolbar.js\"><\/script><!-- Hupso Share Buttons --><\/div>","protected":false},"excerpt":{"rendered":"<p>Frais de service &#8211; Service comptable professionnel de d\u00e9claration d&rsquo;imp\u00f4t et comptabilit\u00e9 pour particuliers et entreprises \u2013 Ottawa <\/p>\n","protected":false},"author":1,"featured_media":0,"parent":0,"menu_order":0,"comment_status":"open","ping_status":"open","template":"","meta":{"_aioseo_title":"AccountingImp\u00f4ts - Service comptable professionnel CPA","_aioseo_description":"Frais de service - Service comptable professionnel de d\u00e9claration d'imp\u00f4t et comptabilit\u00e9 pour particuliers et entreprises \u2013 Ottawa ","footnotes":""},"class_list":["post-42","page","type-page","status-publish"],"_links":{"self":[{"href":"https:\/\/www.accountingimpots.ca\/fr\/wp-json\/wp\/v2\/pages\/42","targetHints":{"allow":["GET"]}}],"collection":[{"href":"https:\/\/www.accountingimpots.ca\/fr\/wp-json\/wp\/v2\/pages"}],"about":[{"href":"https:\/\/www.accountingimpots.ca\/fr\/wp-json\/wp\/v2\/types\/page"}],"author":[{"embeddable":true,"href":"https:\/\/www.accountingimpots.ca\/fr\/wp-json\/wp\/v2\/users\/1"}],"replies":[{"embeddable":true,"href":"https:\/\/www.accountingimpots.ca\/fr\/wp-json\/wp\/v2\/comments?post=42"}],"version-history":[{"count":180,"href":"https:\/\/www.accountingimpots.ca\/fr\/wp-json\/wp\/v2\/pages\/42\/revisions"}],"predecessor-version":[{"id":2185,"href":"https:\/\/www.accountingimpots.ca\/fr\/wp-json\/wp\/v2\/pages\/42\/revisions\/2185"}],"wp:attachment":[{"href":"https:\/\/www.accountingimpots.ca\/fr\/wp-json\/wp\/v2\/media?parent=42"}],"curies":[{"name":"wp","href":"https:\/\/api.w.org\/{rel}","templated":true}]}}