{"id":40,"date":"2012-12-16T02:51:58","date_gmt":"2012-12-16T02:51:58","guid":{"rendered":"http:\/\/accountingimpots.local\/?page_id=40"},"modified":"2022-09-30T04:36:32","modified_gmt":"2022-09-30T04:36:32","slug":"conseils-impots","status":"publish","type":"page","link":"https:\/\/www.accountingimpots.ca\/fr\/conseils-impots\/","title":{"rendered":"Conseils pour les imp\u00f4ts"},"content":{"rendered":"<ul>\n<li>Avez-vous maximis\u00e9 votre contribution \u00e0 vos REER \/ CELI et les avez-vous souscrits au d\u00e9but ou durant l\u2019ann\u00e9e?<\/li>\n<li>Avez-vous combin\u00e9 vos dons et fait en sorte que ce soit celui qui a le revenu imposable le plus \u00e9lev\u00e9 qui les r\u00e9clame afin de maximiser votre cr\u00e9dit total (pour les couples) et r\u00e9duire vos imp\u00f4ts \u00e0 payer?<\/li>\n<li>Le plus bas revenu des deux est-il celui qui a r\u00e9clam\u00e9 les d\u00e9penses m\u00e9dicales (pour les couples)?<\/li>\n<li>Tirez-vous parti de la nouvelle possibilit\u00e9 de partage du revenu (pour les a\u00een\u00e9s) ?<\/li>\n<li>Achetez-vous des laissez-passer d\u2019autobus ?<\/li>\n<li>Savez-vous que de nombreux individus ne font pas de d\u00e9clarations d\u2019imp\u00f4ts ne r\u00e9alisant pas qu\u2019ils pourraient obtenir un retour d\u2019imp\u00f4t?<\/li>\n<li>Vous trouverez \u00e9galement plusieurs rappels importants inscrits dans le <a href=\"https:\/\/www.accountingimpots.ca\/wp-content\/uploads\/2021\/01\/Formulaire-Fran%C3%A7ais-Formulaire-d%E2%80%99inscription-et-d%E2%80%99information-destin%C3%A9-aux-nouveaux-clients-2020.pdf\" target=\"_blank\" rel=\"noopener\">Formulaire d\u2019inscription et d\u2019information destin\u00e9 aux nouveaux clients<\/a>, afin de vous permettre de profiter de d\u2019autres cr\u00e9dits et d\u00e9ductions auxquelles vous pourriez avoir droit.<\/li>\n<\/ul>\n<p><span style=\"font-weight: bold; color: red;\">Nouveaut\u00e9s les plus r\u00e9centes pour les cr\u00e9dits et d\u00e9ductions!!!<\/span><\/p>\n<p>&#8211; Avez-vous profit\u00e9 du nouveau Compte d\u2019\u00c9pargne Libre d\u2019Imp\u00f4t (CELI)?<\/p>\n<p>&#8211; Avez-vous appliqu\u00e9 pour la Subvention aux personnes \u00e2g\u00e9es propri\u00e9taires pour l&rsquo;imp\u00f4t foncier de l&rsquo;Ontario?<\/p>\n<p><span style=\"font-weight: bold; text-decoration: underline; font-size: 14px;\"><br \/>\nLiens utiles <\/span><\/p>\n<table style=\"height: 263px;\" width=\"561\" cellpadding=\"3\">\n<tbody>\n<tr>\n<td>&#8211; Conseils fiscaux \u2013 l\u2019ARC :<\/td>\n<td><a href=\"https:\/\/www.canada.ca\/fr\/agence-revenu\/nouvelles\/salle-presse\/conseils-fiscaux.html\" target=\"_blank\" rel=\"noopener\">Conseil fiscaux &#8211; 2022<\/a><\/td>\n<\/tr>\n<td>&#8211; Compte d&rsquo;\u00c9pargne Libre pour l&rsquo;Achat d&rsquo;une Premi\u00e8re Propri\u00e9t\u00e9 :<\/td>\n<td><a href=\"https:\/\/www.canada.ca\/fr\/ministere-finances\/nouvelles\/2022\/08\/conception-du-compte-depargne-libre-dimpot-pour-lachat-dune-premiere-propriete.html\" target=\"_blank\" rel=\"noopener\">CELIAPP<\/a><\/td>\n<\/tr>\n<tr>\n<td><\/td>\n<td><\/td>\n<\/tr>\n<tr>\n<td>&#8211; Astuces (anglophone) :<\/td>\n<td><a href=\"http:\/\/www.taxtips.ca\" target=\"_blank\" rel=\"noopener\">Canadian Tax &amp; Financial Information<\/a><\/td>\n<\/tr>\n<tr>\n<td>&#8211; Taxes Canada (anglophone) :<\/td>\n<td><a href=\"http:\/\/www.taxescanada.ca\/tax_tips.html\" target=\"_blank\" rel=\"noopener\">Astuces par num\u00e9ro de ligne<\/a><\/td>\n<\/tr>\n<tr>\n<td>&#8211; Taxes Canada (anglophone) :<\/td>\n<td><a href=\"http:\/\/www.taxescanada.ca\/checklist.html\" target=\"_blank\" rel=\"noopener\">Income Tax Checklist<\/a><\/td>\n<\/tr>\n<tr>\n<td>&#8211; MSN Finance :<\/td>\n<td><a title=\"http:\/\/www.msn.com\/fr-ca\/finances\" href=\"http:\/\/www.msn.com\/fr-ca\/finances\" target=\"_blank\" rel=\"noopener\">MSN Finance<\/a><\/td>\n<\/tr>\n<\/tbody>\n<\/table>\n<div style=\"padding-bottom:20px; padding-top:10px;\" class=\"hupso-share-buttons\"><!-- Hupso Share Buttons - http:\/\/www.hupso.com\/share\/ --><a class=\"hupso_toolbar\" href=\"http:\/\/www.hupso.com\/share\/\"><img decoding=\"async\" src=\"https:\/\/static.hupso.com\/share\/buttons\/lang\/fr\/share-medium.png\" style=\"border:0px; padding-top:5px; float:left;\" alt=\"Share Button\"\/><\/a><script type=\"text\/javascript\">var hupso_services_t=new Array(\"Twitter\",\"Facebook\",\"Google Plus\",\"Linkedin\");var hupso_background_t=\"#EAF4FF\";var hupso_border_t=\"#66CCFF\";var hupso_toolbar_size_t=\"medium\";var hupso_twitter_via = \"AccImpots\";var hupso_image_folder_url = \"\";var hupso_twitter_via=\"AccImpots\";var hupso_url_t=\"\";var hupso_title_t=\"Conseils pour les imp\u00f4ts\";<\/script><script type=\"text\/javascript\" src=\"https:\/\/static.hupso.com\/share\/js\/share_toolbar.js\"><\/script><!-- Hupso Share Buttons --><\/div>","protected":false},"excerpt":{"rendered":"<p>Conseil-imp\u00f4ts \/ Astuces &#8211; Service d\u2019imp\u00f4t et comptabilit\u00e9 pour particuliers, travailleurs autonomes et entreprises incorpor\u00e9es. &#8211; Ottawa<\/p>\n","protected":false},"author":1,"featured_media":0,"parent":0,"menu_order":0,"comment_status":"open","ping_status":"open","template":"","meta":{"_aioseo_title":"AccountingImp\u00f4ts - Service comptable professionnel CPA","_aioseo_description":"Conseil-imp\u00f4ts \/ Astuces - Service d\u2019imp\u00f4t et comptabilit\u00e9 pour particuliers, travailleurs autonomes et entreprises incorpor\u00e9es. - Ottawa","footnotes":""},"class_list":["post-40","page","type-page","status-publish"],"_links":{"self":[{"href":"https:\/\/www.accountingimpots.ca\/fr\/wp-json\/wp\/v2\/pages\/40","targetHints":{"allow":["GET"]}}],"collection":[{"href":"https:\/\/www.accountingimpots.ca\/fr\/wp-json\/wp\/v2\/pages"}],"about":[{"href":"https:\/\/www.accountingimpots.ca\/fr\/wp-json\/wp\/v2\/types\/page"}],"author":[{"embeddable":true,"href":"https:\/\/www.accountingimpots.ca\/fr\/wp-json\/wp\/v2\/users\/1"}],"replies":[{"embeddable":true,"href":"https:\/\/www.accountingimpots.ca\/fr\/wp-json\/wp\/v2\/comments?post=40"}],"version-history":[{"count":40,"href":"https:\/\/www.accountingimpots.ca\/fr\/wp-json\/wp\/v2\/pages\/40\/revisions"}],"predecessor-version":[{"id":2076,"href":"https:\/\/www.accountingimpots.ca\/fr\/wp-json\/wp\/v2\/pages\/40\/revisions\/2076"}],"wp:attachment":[{"href":"https:\/\/www.accountingimpots.ca\/fr\/wp-json\/wp\/v2\/media?parent=40"}],"curies":[{"name":"wp","href":"https:\/\/api.w.org\/{rel}","templated":true}]}}