{"id":4,"date":"2012-12-16T02:36:59","date_gmt":"2012-12-16T02:36:59","guid":{"rendered":"http:\/\/accountingimpots.local\/?page_id=4"},"modified":"2018-07-20T02:12:11","modified_gmt":"2018-07-20T02:12:11","slug":"consultation-en-gestion","status":"publish","type":"page","link":"https:\/\/www.accountingimpots.ca\/fr\/consultation-en-gestion\/","title":{"rendered":"Consultation en gestion"},"content":{"rendered":"<p>Mes services de consultation en gestion sont diversifi\u00e9s et vastes. Parmi eux, nous pouvons distinguer :<\/p>\n<ul>\n<li>Le d\u00e9veloppement, la supervision et la coordination de la mise en place d\u2019un logiciel de syst\u00e8me<\/li>\n<li>La r\u00e9vision des processus et des contr\u00f4les internes<\/li>\n<li>La r\u00e9vision et la ren\u00e9gociation des arrangements bancaires<\/li>\n<li>L\u2019\u00e9laboration des rapports financiers<\/li>\n<li>Contr\u00f4leur interm\u00e9diaire<\/li>\n<li>Des r\u00e9f\u00e9rences de sp\u00e9cialistes pour d\u2019autres domaines d\u2019expertise technique<\/li>\n<li>Les rapports annuels et autres retours des organisations \u00e0 but non lucratif<\/li>\n<\/ul>\n<p>&nbsp;<\/p>\n<div style=\"padding-bottom:20px; padding-top:10px;\" class=\"hupso-share-buttons\"><!-- Hupso Share Buttons - http:\/\/www.hupso.com\/share\/ --><a class=\"hupso_toolbar\" href=\"http:\/\/www.hupso.com\/share\/\"><img decoding=\"async\" src=\"https:\/\/static.hupso.com\/share\/buttons\/lang\/fr\/share-medium.png\" style=\"border:0px; padding-top:5px; float:left;\" alt=\"Share Button\"\/><\/a><script type=\"text\/javascript\">var hupso_services_t=new Array(\"Twitter\",\"Facebook\",\"Google Plus\",\"Linkedin\");var hupso_background_t=\"#EAF4FF\";var hupso_border_t=\"#66CCFF\";var hupso_toolbar_size_t=\"medium\";var hupso_twitter_via = \"AccImpots\";var hupso_image_folder_url = \"\";var hupso_twitter_via=\"AccImpots\";var hupso_url_t=\"\";var hupso_title_t=\"Consultation en gestion\";<\/script><script type=\"text\/javascript\" src=\"https:\/\/static.hupso.com\/share\/js\/share_toolbar.js\"><\/script><!-- Hupso Share Buttons --><\/div>","protected":false},"excerpt":{"rendered":"<p>Consultation en Gestion &#8211; Service comptable pour particuliers, les travailleurs autonomes et les entreprises incorpor\u00e9es \u2013 Ottawa<\/p>\n","protected":false},"author":1,"featured_media":0,"parent":0,"menu_order":0,"comment_status":"open","ping_status":"closed","template":"","meta":{"_aioseo_title":"AccountingImp\u00f4ts - Service comptable professionnel CPA","_aioseo_description":"Consultation en Gestion - Service comptable pour particuliers, les travailleurs autonomes et les entreprises incorpor\u00e9es \u2013 Ottawa","footnotes":""},"class_list":["post-4","page","type-page","status-publish"],"_links":{"self":[{"href":"https:\/\/www.accountingimpots.ca\/fr\/wp-json\/wp\/v2\/pages\/4","targetHints":{"allow":["GET"]}}],"collection":[{"href":"https:\/\/www.accountingimpots.ca\/fr\/wp-json\/wp\/v2\/pages"}],"about":[{"href":"https:\/\/www.accountingimpots.ca\/fr\/wp-json\/wp\/v2\/types\/page"}],"author":[{"embeddable":true,"href":"https:\/\/www.accountingimpots.ca\/fr\/wp-json\/wp\/v2\/users\/1"}],"replies":[{"embeddable":true,"href":"https:\/\/www.accountingimpots.ca\/fr\/wp-json\/wp\/v2\/comments?post=4"}],"version-history":[{"count":2,"href":"https:\/\/www.accountingimpots.ca\/fr\/wp-json\/wp\/v2\/pages\/4\/revisions"}],"predecessor-version":[{"id":1805,"href":"https:\/\/www.accountingimpots.ca\/fr\/wp-json\/wp\/v2\/pages\/4\/revisions\/1805"}],"wp:attachment":[{"href":"https:\/\/www.accountingimpots.ca\/fr\/wp-json\/wp\/v2\/media?parent=4"}],"curies":[{"name":"wp","href":"https:\/\/api.w.org\/{rel}","templated":true}]}}