{"id":36,"date":"2012-12-16T02:50:59","date_gmt":"2012-12-16T02:50:59","guid":{"rendered":"http:\/\/accountingimpots.local\/?page_id=36"},"modified":"2017-01-21T18:29:45","modified_gmt":"2017-01-21T18:29:45","slug":"calendrier-evenements","status":"publish","type":"page","link":"https:\/\/www.accountingimpots.ca\/fr\/calendrier-evenements\/","title":{"rendered":"Calendrier des \u00e9venements"},"content":{"rendered":"<h3><span style=\"text-decoration: underline;\">Horaire des kiosque d&rsquo;imp\u00f4t \u00e0 diff\u00e9rents endroits \u00e0 Ottawa et Gatineau:<\/span><\/h3>\n<p><span style=\"color: #000066;\">Mardi, mercredi, jeudi et samedi<br \/>\n7:30am &#8211; 4:30pm (approximativement)<\/span><\/p>\n<h3><span style=\"text-decoration: underline;\">Ateliers litt\u00e9ratie financi\u00e8re &#8211; Programme adulte 2017<\/span><\/h3>\n<p><strong>Strat\u00e9gies fiscales efficaces &#8211; s\u00e9minaire bilingue <\/strong>(ouvert au publique &#8211; admission gratuite)<br \/>\nLieu: \u00a0Biblioth\u00e8que, succursale de Cumberland, 1599 Tenth Line, Orl\u00e9ans<br \/>\nDate: le mercredi, 8 f\u00e9vrier, 2017 de 18:30 \u00e0 20:00<br \/>\nVeuillez vous enregistrer: <a href=\"https:\/\/biblioottawalibrary.ca\/fr\/node\/45227\" target=\"_blank\">En ligne \u00e0 la Biblioth\u00e8que publique d&rsquo;Ottawa<\/a><\/p>\n<p><strong>Strat\u00e9gies fiscales efficaces &#8211; s\u00e9minaire bilingue <\/strong>(limit\u00e9e aux employ\u00e9s)<br \/>\nLieu: \u00a0Nav Canada, 77 rue Metcalfe, Ottawa<br \/>\nDate: le lundi, 6 f\u00e9vrier, 2017 de 8:30 \u00e0 9:45am<\/p>\n<p><strong>Strat\u00e9gies fiscales efficaces &#8211; s\u00e9minaire bilingue <\/strong>(limit\u00e9e aux employ\u00e9s)<br \/>\nLieu: \u00a0Nav Canada, 1601 avenue Tom Roberts, Ottawa<br \/>\nDate: le mercredi, 8 f\u00e9vrier, 2017 de 12:00 &#8211; 13:15<\/p>\n<p><strong>Strat\u00e9gies fiscales efficaces &#8211; s\u00e9minaire bilingue <\/strong>(limit\u00e9e aux employ\u00e9s)<br \/>\nLieu: \u00a0Nav Canada, 280 chemin Hunt Club, Ottawa<br \/>\nDate: le mercredi, 15 f\u00e9vrier, 2017 de 12:00 &#8211; 13:15<\/p>\n<h3><span style=\"text-decoration: underline;\">Ateliers litt\u00e9ratie financi\u00e8re &#8211; Programme adulte 2016<\/span><\/h3>\n<p><strong>Strat\u00e9gies fiscales efficaces &#8211; s\u00e9minaire bilingue <\/strong>(admission gratuite)<br \/>\nLieu: \u00a0Biblioth\u00e8que, succursale d&rsquo;Orl\u00e9ans, 1705 boulevard Orl\u00e9ans<br \/>\nDate: le mardi, 26 janvier, 2016 de 18:30 \u00e0 20:00<br \/>\nVeuillez vous enregistrer: <a href=\"https:\/\/biblioottawalibrary.ca\/fr\/program\" target=\"_blank\">En ligne \u00e0 la Biblioth\u00e8que publique d&rsquo;Ottawa<\/a><\/p>\n<p><strong>Strat\u00e9gies fiscales efficaces &#8211; s\u00e9minaire en anglais\u00a0<\/strong>(admission gratuite)<br \/>\nLieu: \u00a0Biblioth\u00e8que, succursale Centennial, 3870 chemin old Richmond<br \/>\nDate: le mardi, 2 f\u00e9vrier, 2016 de 18:30 \u00e0 20:00<br \/>\nVeuillez vous enregistrer: <a href=\"https:\/\/biblioottawalibrary.ca\/fr\/program\" target=\"_blank\">En ligne \u00e0 la Biblioth\u00e8que publique d&rsquo;Ottawa<\/a><\/p>\n<p><strong>Strat\u00e9gies fiscales efficaces &#8211; s\u00e9minaire en anglais\u00a0<\/strong>(admission gratuite)<br \/>\nLieu: \u00a0Biblioth\u00e8que, succursale Sunnyside, 1049 rue Bank<br \/>\nDate: le jeudi 11 f\u00e9vrier, 2016 de 18:30 \u00e0 20:00<br \/>\nVeuillez vous enregistrer: <a href=\"https:\/\/biblioottawalibrary.ca\/fr\/program\" target=\"_blank\">En ligne \u00e0 la Biblioth\u00e8que publique d&rsquo;Ottawa<\/a><\/p>\n<p><strong>Strat\u00e9gies fiscales efficaces &#8211; s\u00e9minaire en anglais\u00a0<\/strong>(admission gratuite)<br \/>\nLieu: \u00a0Biblioth\u00e8que, succursale Hazeldean, 50 Castlefrank<br \/>\nDate: le mardi, 23 f\u00e9vrier, 2016 de 18:30 \u00e0 20:00<br \/>\nVeuillez vous enregistrer: <a href=\"https:\/\/biblioottawalibrary.ca\/fr\/program\" target=\"_blank\">En ligne \u00e0 la Biblioth\u00e8que publique d&rsquo;Ottawa<\/a><\/p>\n<div style=\"text-align: center;\"><img decoding=\"async\" title=\"\" src=\"\/wp-content\/uploads\/2014\/10\/rotate.gif\" alt=\"\" \/><\/div>\n<div style=\"padding-bottom:20px; padding-top:10px;\" class=\"hupso-share-buttons\"><!-- Hupso Share Buttons - http:\/\/www.hupso.com\/share\/ --><a class=\"hupso_toolbar\" href=\"http:\/\/www.hupso.com\/share\/\"><img decoding=\"async\" src=\"https:\/\/static.hupso.com\/share\/buttons\/lang\/fr\/share-medium.png\" style=\"border:0px; padding-top:5px; float:left;\" alt=\"Share Button\"\/><\/a><script type=\"text\/javascript\">var hupso_services_t=new Array(\"Twitter\",\"Facebook\",\"Google Plus\",\"Linkedin\");var hupso_background_t=\"#EAF4FF\";var hupso_border_t=\"#66CCFF\";var hupso_toolbar_size_t=\"medium\";var hupso_twitter_via = \"AccImpots\";var hupso_image_folder_url = \"\";var hupso_twitter_via=\"AccImpots\";var hupso_url_t=\"\";var hupso_title_t=\"Calendrier des \u00e9venements\";<\/script><script type=\"text\/javascript\" src=\"https:\/\/static.hupso.com\/share\/js\/share_toolbar.js\"><\/script><!-- Hupso Share Buttons --><\/div>","protected":false},"excerpt":{"rendered":"<p>Calendrier des \u00e9venements &#8211; Service comptable professionnel de d\u00e9claration d&rsquo;imp\u00f4t et comptabilit\u00e9 pour particuliers et entreprises \u2013 Ottawa<\/p>\n","protected":false},"author":1,"featured_media":0,"parent":0,"menu_order":0,"comment_status":"open","ping_status":"closed","template":"","meta":{"_aioseo_title":"AccountingImp\u00f4ts - Service comptable professionnel CPA","_aioseo_description":"Calendrier des \u00e9venements - Service comptable professionnel de d\u00e9claration d'imp\u00f4t et comptabilit\u00e9 pour particuliers et entreprises \u2013 Ottawa","footnotes":""},"class_list":["post-36","page","type-page","status-publish"],"_links":{"self":[{"href":"https:\/\/www.accountingimpots.ca\/fr\/wp-json\/wp\/v2\/pages\/36","targetHints":{"allow":["GET"]}}],"collection":[{"href":"https:\/\/www.accountingimpots.ca\/fr\/wp-json\/wp\/v2\/pages"}],"about":[{"href":"https:\/\/www.accountingimpots.ca\/fr\/wp-json\/wp\/v2\/types\/page"}],"author":[{"embeddable":true,"href":"https:\/\/www.accountingimpots.ca\/fr\/wp-json\/wp\/v2\/users\/1"}],"replies":[{"embeddable":true,"href":"https:\/\/www.accountingimpots.ca\/fr\/wp-json\/wp\/v2\/comments?post=36"}],"version-history":[{"count":18,"href":"https:\/\/www.accountingimpots.ca\/fr\/wp-json\/wp\/v2\/pages\/36\/revisions"}],"predecessor-version":[{"id":1738,"href":"https:\/\/www.accountingimpots.ca\/fr\/wp-json\/wp\/v2\/pages\/36\/revisions\/1738"}],"wp:attachment":[{"href":"https:\/\/www.accountingimpots.ca\/fr\/wp-json\/wp\/v2\/media?parent=36"}],"curies":[{"name":"wp","href":"https:\/\/api.w.org\/{rel}","templated":true}]}}