{"id":30,"date":"2012-12-16T02:49:17","date_gmt":"2012-12-16T02:49:17","guid":{"rendered":"http:\/\/accountingimpots.local\/?page_id=30"},"modified":"2026-04-04T03:18:10","modified_gmt":"2026-04-04T03:18:10","slug":"contactez-nous","status":"publish","type":"page","link":"https:\/\/www.accountingimpots.ca\/fr\/contactez-nous\/","title":{"rendered":"Contactez-nous"},"content":{"rendered":"<p>J\u2019offre une large vari\u00e9t\u00e9s de services de comptabilit\u00e9, gestion et imp\u00f4t et des solutions pour les particuliers, les organisations \u00e0 but non lucratif, les services de sant\u00e9 et les petites et moyennes entreprises.<\/p>\n<p><strong><span style=\"color: #ff0000;\">VEUILLEZ NOTER:<br \/>\n<\/span><\/strong><em><span style=\"color: #ff0000;\">&#8211; Rendez-vous disponible pour les nouveaux clients \u00e0 long terme (aucun service unique) selon la disponibilit\u00e9.<\/span><span style=\"color: #ff0000;\"><br \/>\n<\/span><span style=\"color: #ff0000;\">&#8211; Veuillez svp lire la page &lsquo;Nos frais&rsquo; &#8211; Ce n&rsquo;est pas un service impersonel de franchise \u00e0 production massive.<\/span><\/em><strong><span style=\"color: #ff0000;\"><br \/>\n<\/span><\/strong><span style=\"color: #ff0000;\"><span style=\"color: #000000;\">Je vous remercie pour votre coop\u00e9ration.<\/span><\/span><\/p>\n<p>Contactez-moi par courriel avec une descrription de votre situation fiscale avant la consultation.<br \/>\n<\/p>\n<div class=\"red-border\" style=\"width: 40%; float: right; margin: 20px; text-align: center;\">Cliquez pour prendre un rendez-vous :<br \/>\n(Maximum de 7 ou 14 jours \u00e0 l\u2019avance)<br \/>\n<strong>Les nouveaux clients doivent me contacter avant de prendre un rendez-vous svp.<\/strong><br \/>\n<script type=\"text\/javascript\" src=\"https:\/\/booksy.com\/widget\/code.js?id=11737&#038;country=ca&#038;lang=fr\"><\/script><\/div>\n<p><div id=\"social_widget\"><div class=\"socialmedia-buttons smw_center\"><a href=\"https:\/\/www.facebook.com\/AccountingImpots\" rel=\"nofollow\" target=\"_blank\"><img loading=\"lazy\" decoding=\"async\" width=\"32\" height=\"32\" src=\"https:\/\/www.accountingimpots.ca\/fr\/wp-content\/plugins\/social-media-widget\/images\/default\/32\/facebook.png\" \n\t\t\t\talt=\"Follow Us on Facebook\" \n\t\t\t\ttitle=\"Follow Us on Facebook\" style=\"opacity: 0.8; -moz-opacity: 0.8;\" class=\"fade\" \/><\/a><a href=\"https:\/\/twitter.com\/AccImpots\" rel=\"nofollow\" target=\"_blank\"><img loading=\"lazy\" decoding=\"async\" width=\"32\" height=\"32\" src=\"https:\/\/www.accountingimpots.ca\/fr\/wp-content\/plugins\/social-media-widget\/images\/default\/32\/twitter.png\" \n\t\t\t\talt=\"Follow Us on Twitter\" \n\t\t\t\ttitle=\"Follow Us on Twitter\" style=\"opacity: 0.8; -moz-opacity: 0.8;\" class=\"fade\" \/><\/a><a href=\"https:\/\/www.linkedin.com\/in\/accountingimpots\" rel=\"nofollow\" target=\"_blank\"><img loading=\"lazy\" decoding=\"async\" width=\"32\" height=\"32\" src=\"https:\/\/www.accountingimpots.ca\/fr\/wp-content\/plugins\/social-media-widget\/images\/default\/32\/linkedin.png\" \n\t\t\t\talt=\"Follow Us on LinkedIn\" \n\t\t\t\ttitle=\"Follow Us on LinkedIn\" style=\"opacity: 0.8; -moz-opacity: 0.8;\" class=\"fade\" \/><\/a><\/div><\/div><\/p>\n<div style=\"margin-top: 30px;\">\n<p>Vous pouvez me joindre \u00e0:<\/p>\n<h3 style=\"clear: left;\"><span style=\"color: #000000;\"><strong>M. Paradis, CPA<\/strong><\/span><\/h3>\n<p>Secteur \u00e0 l&rsquo;intersection du boul. St. Laurent \/ chemin Innes<br \/>\nOttawa, Ontario, Canada<br \/>\nK1G 3V4<\/p>\n<p>T\u00e9l\u00e9phone: (613) 260-9641<br \/>\nT\u00e9l\u00e9copieur: (613) 260-xxxx<\/p>\n<p>Courriel: <a href=\"mailto:mp.cpa@accountingimpots.ca\">mp.cpa@accountingimpots.ca<\/a><br \/>\nSite internet: <a href=\"\/\">www.accountingimpots.ca<\/a><\/p>\n<\/div>\n<p><!--<iframe loading=\"lazy\" style=\"border: 0;\" src=\"https:\/\/www.google.com\/maps\/embed?pb=!1m14!1m8!1m3!1d991.0029544844833!2d-75.70343539416658!3d45.36940595451147!3m2!1i1024!2i768!4f13.1!3m3!1m2!1s0x4cce070f0b028865%3A0xe4020bed33daee51!2sChateau%20Royale%20Professional%20Building!5e0!3m2!1sfr!2sca!4v1702771818402!5m2!1sfr!2sca\" width=\"600\" height=\"450\" allowfullscreen=\"allowfullscreen\"><\/iframe>\n<iframe src=\"https:\/\/www.google.com\/maps\/embed?pb=!1m14!1m8!1m3!1d2801.1728949070975!2d-75.626217!3d45.405853!3m2!1i1024!2i768!4f13.1!3m3!1m2!1s0x4cce0f0d237228b7%3A0x14a46b71639bc9f3!2s1725%20Boulevard%20St-Laurent%2C%20Ottawa%2C%20ON%20K1G%203V4!5e0!3m2!1sfr!2sca!4v1732468650745!5m2!1sfr!2sca\" width=\"600\" height=\"450\" style=\"border:0;\" allowfullscreen=\"\" loading=\"lazy\" referrerpolicy=\"no-referrer-when-downgrade\"><\/iframe>--><br \/>\n<iframe src=\"https:\/\/www.google.com\/maps\/embed?pb=!1m18!1m12!1m3!1d2801.1709938694216!2d-75.6287331882121!3d45.40589133720677!2m3!1f0!2f0!3f0!3m2!1i1024!2i768!4f13.1!3m3!1m2!1s0x4cce0f0d243c3a5d%3A0xe934b9df1c4c8e74!2s1725%20St.%20Laurent%20Blvd%20%23210%2C%20Ottawa%2C%20ON%20K1B%204S6!5e0!3m2!1sfr!2sca!4v1772845378000!5m2!1sfr!2sca\" width=\"600\" height=\"450\" style=\"border:0;\" allowfullscreen=\"\" loading=\"lazy\" referrerpolicy=\"no-referrer-when-downgrade\"><\/iframe><\/p>\n<div style=\"padding-bottom:20px; padding-top:10px;\" class=\"hupso-share-buttons\"><!-- Hupso Share Buttons - http:\/\/www.hupso.com\/share\/ --><a class=\"hupso_toolbar\" href=\"http:\/\/www.hupso.com\/share\/\"><img decoding=\"async\" src=\"https:\/\/static.hupso.com\/share\/buttons\/lang\/fr\/share-medium.png\" style=\"border:0px; padding-top:5px; float:left;\" alt=\"Share Button\"\/><\/a><script type=\"text\/javascript\">var hupso_services_t=new Array(\"Twitter\",\"Facebook\",\"Google Plus\",\"Linkedin\");var hupso_background_t=\"#EAF4FF\";var hupso_border_t=\"#66CCFF\";var hupso_toolbar_size_t=\"medium\";var hupso_twitter_via = \"AccImpots\";var hupso_image_folder_url = \"\";var hupso_twitter_via=\"AccImpots\";var hupso_url_t=\"\";var hupso_title_t=\"Contactez-nous\";<\/script><script type=\"text\/javascript\" src=\"https:\/\/static.hupso.com\/share\/js\/share_toolbar.js\"><\/script><!-- Hupso Share Buttons --><\/div>","protected":false},"excerpt":{"rendered":"<p>Contactez-nous &#8211; Service comptable professionnel de d\u00e9claration d&rsquo;imp\u00f4t et comptabilit\u00e9 pour particuliers et entreprises \u2013 Ottawa <\/p>\n","protected":false},"author":1,"featured_media":0,"parent":0,"menu_order":0,"comment_status":"open","ping_status":"closed","template":"","meta":{"_aioseo_title":"AccountingImp\u00f4ts - Service comptable professionnel CPA","_aioseo_description":"Contactez-nous - Service comptable professionnel de d\u00e9claration d'imp\u00f4t et comptabilit\u00e9 pour particuliers et entreprises \u2013 Ottawa ","footnotes":""},"class_list":["post-30","page","type-page","status-publish"],"_links":{"self":[{"href":"https:\/\/www.accountingimpots.ca\/fr\/wp-json\/wp\/v2\/pages\/30","targetHints":{"allow":["GET"]}}],"collection":[{"href":"https:\/\/www.accountingimpots.ca\/fr\/wp-json\/wp\/v2\/pages"}],"about":[{"href":"https:\/\/www.accountingimpots.ca\/fr\/wp-json\/wp\/v2\/types\/page"}],"author":[{"embeddable":true,"href":"https:\/\/www.accountingimpots.ca\/fr\/wp-json\/wp\/v2\/users\/1"}],"replies":[{"embeddable":true,"href":"https:\/\/www.accountingimpots.ca\/fr\/wp-json\/wp\/v2\/comments?post=30"}],"version-history":[{"count":111,"href":"https:\/\/www.accountingimpots.ca\/fr\/wp-json\/wp\/v2\/pages\/30\/revisions"}],"predecessor-version":[{"id":2184,"href":"https:\/\/www.accountingimpots.ca\/fr\/wp-json\/wp\/v2\/pages\/30\/revisions\/2184"}],"wp:attachment":[{"href":"https:\/\/www.accountingimpots.ca\/fr\/wp-json\/wp\/v2\/media?parent=30"}],"curies":[{"name":"wp","href":"https:\/\/api.w.org\/{rel}","templated":true}]}}