{"id":28,"date":"2012-12-16T02:48:30","date_gmt":"2012-12-16T02:48:30","guid":{"rendered":"http:\/\/accountingimpots.local\/?page_id=28"},"modified":"2022-09-30T04:39:22","modified_gmt":"2022-09-30T04:39:22","slug":"liens","status":"publish","type":"page","link":"https:\/\/www.accountingimpots.ca\/fr\/liens\/","title":{"rendered":"Liens utiles"},"content":{"rendered":"<div class=\"m-all d-1of2\">\n<h3><span style=\"color: #000000;\">Gouvernement du Canada<\/span><\/h3>\n<p><a href=\"http:\/\/www.cra-arc.gc.ca\/menu-fra.html\" target=\"_blank\" rel=\"noopener\">Agence du Revenu Canada\u00a0<\/a><br \/>\n<a href=\"http:\/\/www.cra-arc.gc.ca\/esrvc-srvce\/tx\/ndvdls\/myccnt\/menu-fra.html\" target=\"_blank\" rel=\"noopener\">ARC \u2013 Mon dossier<\/a><br \/>\n<a href=\"http:\/\/www.servicecanada.gc.ca\/fra\/services\/pensions\/rpc\/index.shtml\" target=\"_blank\" rel=\"noopener\">R\u00e9gime de pension du Canada<\/a><br \/>\n<a href=\"http:\/\/www.edsc.gc.ca\/fr\/pension\/sv\/index.page?&amp;_ga=1.93603421.1166835553.1451883687\" target=\"_blank\" rel=\"noopener\">S\u00e9curit\u00e9 de la vieillesse<\/a><br \/>\n<a href=\"http:\/\/www.cra-arc.gc.ca\/bnfts\/ccb\/menu-fra.html\" target=\"_blank\" rel=\"noopener\">Allocation canadiennes pour enfants (nouveau)<\/a><br \/>\n<a href=\"http:\/\/www.cra-arc.gc.ca\/tx\/ndvdls\/tpcs\/rrsp-reer\/rrsps-fra.html\" target=\"_blank\" rel=\"noopener\">RE\u00c9R<\/a><br \/>\n<a href=\"https:\/\/www.canada.ca\/fr\/agence-revenu\/programmes\/a-propos-agence-revenu-canada-arc\/budgets-gouvernement-federal\/budget-2022-plan-faire-croitre-notre-economie-rendre-vie-plus-abordable.html\" target=\"_blank\" rel=\"noopener\">Finance Canada &#8211; Budget<\/a><br \/>\n<a href=\"https:\/\/www.canada.ca\/fr\/services\/prestations\/calendrier.html\" target=\"_blank\" rel=\"noopener\">ARC Dates des paiements<\/a><br \/>\n<a href=\"https:\/\/www.canada.ca\/fr\/agence-revenu\/services\/services-electroniques\/paiement-gagnez-temps-payez-ligne.html\" target=\"_blank\" rel=\"noopener\">ARC Mon paiement<\/a><\/p>\n<p><a href=\"http:\/\/www.cra-arc.gc.ca\/tx\/bsnss\/tpcs\/gst-tps\/menu-fra.html\" target=\"_blank\" rel=\"noopener\">TVH \/ TPS pour entreprises (et travailleur autonome)<\/a><br \/>\n<a href=\"http:\/\/www.cra-arc.gc.ca\/tx\/bsnss\/tpcs\/bn-ne\/bro-ide\/menu-fra.html\" target=\"_blank\" rel=\"noopener\">Information pour num\u00e9ro d\u2019entreprise<\/a><br \/>\n<a href=\"http:\/\/www.ic.gc.ca\/eic\/site\/cd-dgc.nsf\/fra\/accueil\" target=\"_blank\" rel=\"noopener\">Constituer une entreprise en soci\u00e9t\u00e9 &#8211; GC<\/a><br \/>\n<a href=\"http:\/\/www.cbo-eco.ca\/fr\/index.cfm\/demarrage\/pour-commencer\/guide-sur-le-demarrage-dune-entreprise\/\" target=\"_blank\" rel=\"noopener\">D\u00e9marrer une entreprise &#8211; ECO<\/a><br \/>\n<a href=\"http:\/\/www.bdc-canada.com\/BDC\/index.html\" target=\"_blank\" rel=\"noopener\">D\u00e9marrer une entreprise &#8211; BDC (anglophone)<\/a><\/p>\n<h3><span style=\"color: #000000;\"><strong><span class=\"bold_underline\">Gouvernement de l&rsquo;Ontario<\/span><\/strong><\/span><\/h3>\n<p><a href=\"http:\/\/www.fin.gov.on.ca\/french\/index.html\" target=\"_blank\" rel=\"noopener\">Minist\u00e8re des Finances de l\u2019Ontario <\/a><br \/>\n<a href=\"http:\/\/www.children.gov.on.ca\/htdocs\/French\/topics\/financialhelp\/ocb\/index.aspx\" target=\"_blank\" rel=\"noopener\">Prestation ontarienne pour enfant<\/a><br \/>\n<a href=\"http:\/\/www.ontario.ca\/fr\/impots-et-avantages-fiscaux\/impots-et-avantages-fiscaux\/\" target=\"_blank\" rel=\"noopener\">Ressources pour les contribuables<\/a><br \/>\n<a href=\"http:\/\/www.ontario.ca\/fr\/page\/affaires-et-economie\" target=\"_blank\" rel=\"noopener\">Ressources pour les PME<\/a><br \/>\n<a href=\"http:\/\/www.fin.gov.on.ca\/fr\/tax\/ct\/singleadmin.html\" target=\"_blank\" rel=\"noopener\">Ressources pour les soci\u00e9t\u00e9s<\/a><\/p>\n<h3><span style=\"color: #000000;\"><strong><span class=\"bold_underline\">Ville d\u2019Ottawa<\/span><\/strong><\/span><\/h3>\n<p><a href=\"http:\/\/investottawa.ca\/bienvenue\" target=\"_blank\" rel=\"noopener\">Investir Ottawa<\/a><\/p>\n<\/div>\n<div class=\"m-all d-1of2\">\n<h3><span class=\"bold_underline\" style=\"color: #000000;\">Organisations<\/span><\/h3>\n<p><a href=\"https:\/\/www.cpaontario.ca\/\" target=\"_blank\" rel=\"noopener\">CPA &#8211; Ontario<\/a><br \/>\n<a href=\"http:\/\/cpaquebec.ca\/\" target=\"_blank\" rel=\"noopener\">CPA \u2013 Qu\u00e9bec<\/a><br \/>\n<a href=\"http:\/\/www.cpacanada.ca\/fr\" target=\"_blank\" rel=\"noopener\">CPA &#8211; Canada<\/a><br \/>\n<a href=\"http:\/\/www.cfib-fcei.ca\/francais\/index.html\" target=\"_blank\" rel=\"noopener\">F\u00e9d\u00e9ration canadienne de l\u2019entreprise ind\u00e9pendante (FCEI)<\/a><\/p>\n<h3><span class=\"bold_underline\" style=\"color: #000000;\">Liens g\u00e9n\u00e9raux<\/span><\/h3>\n<p><a href=\"http:\/\/fr.thefreedictionary.com\/\" target=\"_blank\" rel=\"noopener\">The Free Dictionary (fran\u00e7ais)<\/a><br \/>\n<a href=\"http:\/\/www.le-dictionnaire.com\/\" target=\"_blank\" rel=\"noopener\">Le Dictionnaire <\/a><\/p>\n<h3><span class=\"bold_underline\" style=\"color: #000000;\">Calculateurs<\/span><\/h3>\n<p><a href=\"http:\/\/taxtips.ca\/calculator\/cdncalculator.htm\" target=\"_blank\" rel=\"noopener\">Calculatrice d\u2019imp\u00f4t canadien (anglophone)<\/a><br \/>\n<a title=\"ACFC\" href=\"http:\/\/www.fcac-acfc.gc.ca\/Fra\/ressources\/outilsCalculatrices\/Pages\/home-accueil.aspx\" target=\"_blank\" rel=\"noopener\">Agence de la consommation en mati\u00e8re financi\u00e8re du Canada &#8211; ACFC<\/a><br \/>\n<a href=\"http:\/\/www.dinkytown.net\/java\/CAMillionaire.html\" target=\"_blank\" rel=\"noopener\">Cool Million (anglophone)<\/a><br \/>\n<a href=\"http:\/\/www.dinkytown.net\/java\/ca.html\" target=\"_blank\" rel=\"noopener\">Autres calculatrices financiers canadiens (anglophone)<\/a><br \/>\n<a href=\"http:\/\/taxtips.ca\/calculator\/annualincome.htm\" target=\"_blank\" rel=\"noopener\">Calculatrice de revenu de retraite annuel (anglophone)<\/a><br \/>\n<a href=\"http:\/\/www.leaseguide.com\/lease03\/\" target=\"_blank\" rel=\"noopener\">Louer ou acheter (anglophone)<\/a><\/p>\n<\/div>\n<div style=\"padding-bottom:20px; padding-top:10px;\" class=\"hupso-share-buttons\"><!-- Hupso Share Buttons - http:\/\/www.hupso.com\/share\/ --><a class=\"hupso_toolbar\" href=\"http:\/\/www.hupso.com\/share\/\"><img decoding=\"async\" src=\"https:\/\/static.hupso.com\/share\/buttons\/lang\/fr\/share-medium.png\" style=\"border:0px; padding-top:5px; float:left;\" alt=\"Share Button\"\/><\/a><script type=\"text\/javascript\">var hupso_services_t=new Array(\"Twitter\",\"Facebook\",\"Google Plus\",\"Linkedin\");var hupso_background_t=\"#EAF4FF\";var hupso_border_t=\"#66CCFF\";var hupso_toolbar_size_t=\"medium\";var hupso_twitter_via = \"AccImpots\";var hupso_image_folder_url = \"\";var hupso_twitter_via=\"AccImpots\";var hupso_url_t=\"\";var hupso_title_t=\"Liens utiles\";<\/script><script type=\"text\/javascript\" src=\"https:\/\/static.hupso.com\/share\/js\/share_toolbar.js\"><\/script><!-- Hupso Share Buttons --><\/div>","protected":false},"excerpt":{"rendered":"<p>Liens utiles -Service comptable d\u2019imp\u00f4t et comptabilit\u00e9 pour particuliers, les travailleurs autonomes et les entreprises incorpor\u00e9es &#8211; Ottawa<\/p>\n","protected":false},"author":1,"featured_media":0,"parent":0,"menu_order":0,"comment_status":"open","ping_status":"open","template":"","meta":{"_aioseo_title":"AccountingImp\u00f4ts - Service comptable professionnel CPA","_aioseo_description":"Liens utiles -Service comptable d\u2019imp\u00f4t et comptabilit\u00e9 pour particuliers, les travailleurs autonomes et les entreprises incorpor\u00e9es - Ottawa","footnotes":""},"class_list":["post-28","page","type-page","status-publish"],"_links":{"self":[{"href":"https:\/\/www.accountingimpots.ca\/fr\/wp-json\/wp\/v2\/pages\/28","targetHints":{"allow":["GET"]}}],"collection":[{"href":"https:\/\/www.accountingimpots.ca\/fr\/wp-json\/wp\/v2\/pages"}],"about":[{"href":"https:\/\/www.accountingimpots.ca\/fr\/wp-json\/wp\/v2\/types\/page"}],"author":[{"embeddable":true,"href":"https:\/\/www.accountingimpots.ca\/fr\/wp-json\/wp\/v2\/users\/1"}],"replies":[{"embeddable":true,"href":"https:\/\/www.accountingimpots.ca\/fr\/wp-json\/wp\/v2\/comments?post=28"}],"version-history":[{"count":34,"href":"https:\/\/www.accountingimpots.ca\/fr\/wp-json\/wp\/v2\/pages\/28\/revisions"}],"predecessor-version":[{"id":2077,"href":"https:\/\/www.accountingimpots.ca\/fr\/wp-json\/wp\/v2\/pages\/28\/revisions\/2077"}],"wp:attachment":[{"href":"https:\/\/www.accountingimpots.ca\/fr\/wp-json\/wp\/v2\/media?parent=28"}],"curies":[{"name":"wp","href":"https:\/\/api.w.org\/{rel}","templated":true}]}}