{"id":25,"date":"2012-12-16T02:47:42","date_gmt":"2012-12-16T02:47:42","guid":{"rendered":"http:\/\/accountingimpots.local\/?page_id=25"},"modified":"2014-11-28T03:07:59","modified_gmt":"2014-11-28T03:07:59","slug":"confidentialite","status":"publish","type":"page","link":"https:\/\/www.accountingimpots.ca\/fr\/confidentialite\/","title":{"rendered":"Politique de confidentialit\u00e9"},"content":{"rendered":"<p>Ce document a \u00e9t\u00e9 r\u00e9dig\u00e9 en fran\u00e7ais afin d&rsquo;en faciliter la diffusion et la compr\u00e9hension aupr\u00e8s des utilisateurs francophones. N\u00e9anmoins, ce document en fran\u00e7ais n&rsquo;est pr\u00e9sent\u00e9 qu&rsquo;\u00e0 titre de r\u00e9f\u00e9rence et ne saurait engager la responsabilit\u00e9 de Martin Paradis en cas d&rsquo;erreur ou omission de traduction. <\/p>\n<p>Dans tous les cas, les conditions et termes l\u00e9gaux dans sa version originale en anglais, que vous trouverez \u00e0 la suite de la version en fran\u00e7ais, s&rsquo;appliquent de mani\u00e8re prioritaire et absolue. <\/p>\n<p><span style=\"font-weight: bold;text-decoration: underline\">Politique de Confidentialit\u00e9<\/span> <\/p>\n<p>M Paradis reconna\u00eet l\u2019importance de la confidentialit\u00e9 pour les particuliers avec qui il fait affaire. Toutefois, afin de mener des affaires au niveau mondial dans une \u00e9conomie \u00e9lectronique grandissante, la collecte d\u2019informations personnelles est souvent n\u00e9cessaire et souhaitable. <\/p>\n<p>M Paradis s\u2019engage \u00e0 conserver vos informations confidentielles. Vos informations ne seront jamais divulgu\u00e9es ou vendues \u00e0 une autre personne ou une autre entreprise. Si vous avez des questions relativement \u00e0 cet \u00e9nonc\u00e9 de confidentialit\u00e9, les pratiques de ce site, ou vos transactions avec ce site web, vous pouvez contacter Martin Paradis. <\/p>\n<p><span style=\"font-weight: bold;text-decoration: underline\">D\u00e9ni de Responsabilit\u00e9<\/span> <\/p>\n<p>M\u00eame si le contenu de ce site web est suppos\u00e9 fiable au moment de l&rsquo;afficher, il n\u2019est pas pour autant garanti comme l\u2019\u00e9tant. Il incombe aux particuliers de v\u00e9rifier tous les d\u00e9tails qui sont importants \u00e0 leurs yeux. <\/p>\n<p>Je fournis des hyperliens vers d\u2019autres sites exclusivement pour votre commodit\u00e9, je n\u2019accepte pas la responsabilit\u00e9 du contenu ou des Politiques de confidentialit\u00e9 de ces autres sites et des informations personnelles qu\u2019ils recueillent \u00e0 votre sujet et de quelle fa\u00e7on eux ou leurs tiers en font usage. <\/p>\n<p>L\u2019utilisation et la mise en place de liens vers tout ou une partie du contenu de ce site sont sujettes aux Modalit\u00e9s d\u2019utilisation de M Paradis.<\/p>\n<p>\n<div style=\"padding-bottom:20px; padding-top:10px;\" class=\"hupso-share-buttons\"><!-- Hupso Share Buttons - http:\/\/www.hupso.com\/share\/ --><a class=\"hupso_toolbar\" href=\"http:\/\/www.hupso.com\/share\/\"><img decoding=\"async\" src=\"https:\/\/static.hupso.com\/share\/buttons\/lang\/fr\/share-medium.png\" style=\"border:0px; padding-top:5px; float:left;\" alt=\"Share Button\"\/><\/a><script type=\"text\/javascript\">var hupso_services_t=new Array(\"Twitter\",\"Facebook\",\"Google Plus\",\"Linkedin\");var hupso_background_t=\"#EAF4FF\";var hupso_border_t=\"#66CCFF\";var hupso_toolbar_size_t=\"medium\";var hupso_twitter_via = \"AccImpots\";var hupso_image_folder_url = \"\";var hupso_twitter_via=\"AccImpots\";var hupso_url_t=\"\";var hupso_title_t=\"Politique de confidentialit\u00e9\";<\/script><script type=\"text\/javascript\" src=\"https:\/\/static.hupso.com\/share\/js\/share_toolbar.js\"><\/script><!-- Hupso Share Buttons --><\/div>","protected":false},"excerpt":{"rendered":"<p>Politique de confidentialit\u00e9 &#8211; Service comptable professionnel d\u2019imp\u00f4t pour particuliers, les travailleurs autonomes et les entreprises &#8211; Ottawa<\/p>\n","protected":false},"author":1,"featured_media":0,"parent":0,"menu_order":0,"comment_status":"open","ping_status":"closed","template":"","meta":{"_aioseo_title":"AccountingImp\u00f4ts - Service comptable professionnel CPA","_aioseo_description":"Politique de confidentialit\u00e9 - Service comptable professionnel d\u2019imp\u00f4t pour particuliers, les travailleurs autonomes et les entreprises - Ottawa","footnotes":""},"class_list":["post-25","page","type-page","status-publish"],"_links":{"self":[{"href":"https:\/\/www.accountingimpots.ca\/fr\/wp-json\/wp\/v2\/pages\/25","targetHints":{"allow":["GET"]}}],"collection":[{"href":"https:\/\/www.accountingimpots.ca\/fr\/wp-json\/wp\/v2\/pages"}],"about":[{"href":"https:\/\/www.accountingimpots.ca\/fr\/wp-json\/wp\/v2\/types\/page"}],"author":[{"embeddable":true,"href":"https:\/\/www.accountingimpots.ca\/fr\/wp-json\/wp\/v2\/users\/1"}],"replies":[{"embeddable":true,"href":"https:\/\/www.accountingimpots.ca\/fr\/wp-json\/wp\/v2\/comments?post=25"}],"version-history":[{"count":1,"href":"https:\/\/www.accountingimpots.ca\/fr\/wp-json\/wp\/v2\/pages\/25\/revisions"}],"predecessor-version":[{"id":1360,"href":"https:\/\/www.accountingimpots.ca\/fr\/wp-json\/wp\/v2\/pages\/25\/revisions\/1360"}],"wp:attachment":[{"href":"https:\/\/www.accountingimpots.ca\/fr\/wp-json\/wp\/v2\/media?parent=25"}],"curies":[{"name":"wp","href":"https:\/\/api.w.org\/{rel}","templated":true}]}}