{"id":20,"date":"2012-12-16T02:46:02","date_gmt":"2012-12-16T02:46:02","guid":{"rendered":"http:\/\/accountingimpots.local\/?page_id=20"},"modified":"2018-12-24T05:06:50","modified_gmt":"2018-12-24T05:06:50","slug":"meilleures-raisons","status":"publish","type":"page","link":"https:\/\/www.accountingimpots.ca\/fr\/meilleures-raisons\/","title":{"rendered":"Les 10 meilleures raisons pour lesquelles vous devriez choisir Martin Paradis comme votre comptable !!!"},"content":{"rendered":"<ul>\n<li><strong>Un service cinq \u00e9toiles<\/strong> \u2013 Il est important pour Martin d\u2019\u00e9couter et de prendre soin des besoins de ses clients. Un comptable qui vous fournira les meilleurs conseils, service d&rsquo;imp\u00f4t personnel\u00a0et de comptabilit\u00e9 pour se conformer \u00e0 vos besoins. En outre, vous serez servi dans une des deux langues officielles de votre choix.<\/li>\n<li><strong>Des conseils financiers de qualit\u00e9 et des r\u00e9sultats professionnels<\/strong> &#8211; En tant que comptable, il r\u00e9visera votre situation financi\u00e8re, posera des questions si n\u00e9cessaire et vous donnera des astuces pour vos d\u00e9clarations afin de vous aider \u00e0 minimiser vos imp\u00f4ts lorsque cela se r\u00e9v\u00e8lera appropri\u00e9. Les rapports et les services obtenus seront pertinents et raisonnables, toutes les activit\u00e9s seront ainsi avantageuses pour ses clients.<\/li>\n<li><strong>L\u2019exp\u00e9rience<\/strong> \u2013 Avec plus de <a title=\"Vue d'ensemble\" href=\"\/fr\/profil\/\">20 ans d\u2019exp\u00e9rience<\/a> dans les secteurs de la finance, de la comptabilit\u00e9 et de la fiscalit\u00e9, Martin a aid\u00e9 une centaine de particuliers, d\u2019organisations \u00e0 but non lucratif et d\u2019organisations d\u2019affaires dans leurs besoins financiers. Martin est aussi comptable CPA, CMA depuis 16 ans.<\/li>\n<li><strong>\u00c9pargnez temps et argent<\/strong> &#8211; Martin produira des demandes de <a title=\"Imp\u00f4ts\" href=\"\/fr\/impots\/\">retours d\u2019imp\u00f4ts<\/a> avec comp\u00e9tence, par cons\u00e9quent vous vous sentirez rassur\u00e9 d\u2019avoir maximis\u00e9 vos retours d\u2019imp\u00f4ts et d\u2019avoir minimis\u00e9 vos imp\u00f4ts \u00e0 payer.<\/li>\n<li><strong>Efficace et sans tracas<\/strong> &#8211; Laissez-moi un comptable vous \u00e9pargner le temps \u00e0 pr\u00e9parer vos imp\u00f4ts et \u00e0 faire des recherches sur les lois des imp\u00f4ts. Service rapide et efficace. Pr\u00e9paration de votre d\u00e9claration avec une journ\u00e9e ouvrable pour les clients qui reviennent la deuxi\u00e8me ann\u00e9e et pour la plupart des nouveaux clients. Aucune perte de temps ou ligne d\u2019attente.<\/li>\n<li><strong>Le juste prix<\/strong> &#8211; La connaissance et la vaste exp\u00e9rience financi\u00e8re de Martin combin\u00e9es avec de faibles co\u00fbts op\u00e9rationnels vous aideront \u00e0 obtenir le plus haut niveau de <a title=\"Nos frais de service\" href=\"\/fr\/frais-service\/\">services financiers \u00e0 un co\u00fbt<\/a> moindre par rapport \u00e0 celui des grandes firmes de comptabilit\u00e9. Son service d\u00e9vou\u00e9 et exceptionnel vous en donnera beaucoup plus pour votre argent que si vous iriez vers de grandes franchises de pr\u00e9paration de d\u00e9clarations fiscales.<\/li>\n<li><strong>Le d\u00e9tail du suivi<\/strong> \u2013 Un comptable qui sera toujours disponible pour regarder les r\u00e9sultats avec ses clients et discuter de situations pertinentes pour des conseils. Une fois les d\u00e9clarations d\u2019imp\u00f4ts termin\u00e9es, elles sont r\u00e9vis\u00e9es et expliqu\u00e9es en d\u00e9tail avec les nouveaux clients.<\/li>\n<li><strong>L\u2019assurance qualit\u00e9 &amp; environnemental<\/strong> \u2013 Martin emploie le m\u00eame niveau de service, attention, soin, et d\u00e9vouement quand il pr\u00e9pare la d\u00e9claration fiscale d\u2019un client, que lorsque qu&rsquo;il fait la sienne. Martin poss\u00e8de un haut niveau d\u2019\u00e9thique, d\u2019int\u00e9grit\u00e9, pr\u00e9cision et d\u2019attention pour les d\u00e9tails, il se tient responsable de livrer des services \u00e0 ses clients de la fa\u00e7on la plus professionnelle et environnemental qui soit.<\/li>\n<li><strong>Stationnement gratuit, heures de bureau et emplacement pratiques<\/strong> \u2013 Avec un bureau central situ\u00e9 tout juste \u00e0 l\u2019ext\u00e9rieur du centre-ville, et <a title=\"Heures de service\" href=\"\/fr\/heures-de-service-impots\/\">des heures de service<\/a> pratiques et flexibles pour rencontrer ses clients.\u00a0 Syst\u00e8me de <a title=\"Contactez-nous\" href=\"\/fr\/contactez-nous\/\">r\u00e9servation de rendez-vous en ligne<\/a> pratique et facile \u00e0 utiliser.<\/li>\n<li><strong>Votre comptable pour la vie<\/strong> \u2013 Avec ses clients qui reviennent ann\u00e9e apr\u00e8s ann\u00e9e, plus de\u00a080% de ses clients sont des anciens en plus de ceux qui lui ont \u00e9t\u00e9 r\u00e9f\u00e9r\u00e9s, <a title=\"Qualifications - Martin Paradis, CPA, CMA\" href=\"\/fr\/martin-qualifications\/\">Martin Paradis<\/a> est le nom que &laquo;&nbsp;les gens veulent r\u00e9f\u00e9rer \u00e0 d\u2019autres personnes&nbsp;&raquo;.<\/li>\n<\/ul>\n<div style=\"padding-bottom:20px; padding-top:10px;\" class=\"hupso-share-buttons\"><!-- Hupso Share Buttons - http:\/\/www.hupso.com\/share\/ --><a class=\"hupso_toolbar\" href=\"http:\/\/www.hupso.com\/share\/\"><img decoding=\"async\" src=\"https:\/\/static.hupso.com\/share\/buttons\/lang\/fr\/share-medium.png\" style=\"border:0px; padding-top:5px; float:left;\" alt=\"Share Button\"\/><\/a><script type=\"text\/javascript\">var hupso_services_t=new Array(\"Twitter\",\"Facebook\",\"Google Plus\",\"Linkedin\");var hupso_background_t=\"#EAF4FF\";var hupso_border_t=\"#66CCFF\";var hupso_toolbar_size_t=\"medium\";var hupso_twitter_via = \"AccImpots\";var hupso_image_folder_url = \"\";var hupso_twitter_via=\"AccImpots\";var hupso_url_t=\"\";var hupso_title_t=\"Les 10 meilleures raisons pour lesquelles vous devriez choisir Martin Paradis comme votre comptable !!!\";<\/script><script type=\"text\/javascript\" src=\"https:\/\/static.hupso.com\/share\/js\/share_toolbar.js\"><\/script><!-- Hupso Share Buttons --><\/div>","protected":false},"excerpt":{"rendered":"<p>Dix meilleurs raisons &#8211; Service comptable d\u2019imp\u00f4t et comptabilit\u00e9 pour particuliers, travailleurs autonomes et entreprises incorpor\u00e9es &#8211; Ottawa<\/p>\n","protected":false},"author":1,"featured_media":0,"parent":0,"menu_order":0,"comment_status":"open","ping_status":"closed","template":"","meta":{"_aioseo_title":"AccountingImp\u00f4ts - Service comptable professionnel CPA","_aioseo_description":"Dix meilleurs raisons - Service comptable d\u2019imp\u00f4t et comptabilit\u00e9 pour particuliers, travailleurs autonomes et entreprises incorpor\u00e9es - Ottawa","footnotes":""},"class_list":["post-20","page","type-page","status-publish"],"_links":{"self":[{"href":"https:\/\/www.accountingimpots.ca\/fr\/wp-json\/wp\/v2\/pages\/20","targetHints":{"allow":["GET"]}}],"collection":[{"href":"https:\/\/www.accountingimpots.ca\/fr\/wp-json\/wp\/v2\/pages"}],"about":[{"href":"https:\/\/www.accountingimpots.ca\/fr\/wp-json\/wp\/v2\/types\/page"}],"author":[{"embeddable":true,"href":"https:\/\/www.accountingimpots.ca\/fr\/wp-json\/wp\/v2\/users\/1"}],"replies":[{"embeddable":true,"href":"https:\/\/www.accountingimpots.ca\/fr\/wp-json\/wp\/v2\/comments?post=20"}],"version-history":[{"count":2,"href":"https:\/\/www.accountingimpots.ca\/fr\/wp-json\/wp\/v2\/pages\/20\/revisions"}],"predecessor-version":[{"id":1878,"href":"https:\/\/www.accountingimpots.ca\/fr\/wp-json\/wp\/v2\/pages\/20\/revisions\/1878"}],"wp:attachment":[{"href":"https:\/\/www.accountingimpots.ca\/fr\/wp-json\/wp\/v2\/media?parent=20"}],"curies":[{"name":"wp","href":"https:\/\/api.w.org\/{rel}","templated":true}]}}