{"id":18,"date":"2012-12-16T02:45:04","date_gmt":"2012-12-16T02:45:04","guid":{"rendered":"http:\/\/accountingimpots.local\/?page_id=18"},"modified":"2014-11-28T03:06:44","modified_gmt":"2014-11-28T03:06:44","slug":"tenue-de-livres","status":"publish","type":"page","link":"https:\/\/www.accountingimpots.ca\/fr\/tenue-de-livres\/","title":{"rendered":"Services de tenue de livres"},"content":{"rendered":"<p>Offrant une vari\u00e9t\u00e9 de solutions pour vos besoins uniques de tenue de livres. Des conseils \u00e0 la formation \u00e0 la sous-traitance de votre comptabilit\u00e9, nous pouvons vous aider dans vos besoins d\u2019affaires.<\/p>\n<ul>\n<li>Simple Comptable de Sage<\/li>\n<li>QuickBooks d\u2019Intuit<\/li>\n<li>ACCPAC de Sage<\/li>\n<li>Adagio de Softrak Systems Inc.<\/li>\n<\/ul>\n<div style=\"padding-bottom:20px; padding-top:10px;\" class=\"hupso-share-buttons\"><!-- Hupso Share Buttons - http:\/\/www.hupso.com\/share\/ --><a class=\"hupso_toolbar\" href=\"http:\/\/www.hupso.com\/share\/\"><img decoding=\"async\" src=\"https:\/\/static.hupso.com\/share\/buttons\/lang\/fr\/share-medium.png\" style=\"border:0px; padding-top:5px; float:left;\" alt=\"Share Button\"\/><\/a><script type=\"text\/javascript\">var hupso_services_t=new Array(\"Twitter\",\"Facebook\",\"Google Plus\",\"Linkedin\");var hupso_background_t=\"#EAF4FF\";var hupso_border_t=\"#66CCFF\";var hupso_toolbar_size_t=\"medium\";var hupso_twitter_via = \"AccImpots\";var hupso_image_folder_url = \"\";var hupso_twitter_via=\"AccImpots\";var hupso_url_t=\"\";var hupso_title_t=\"Services de tenue de livres\";<\/script><script type=\"text\/javascript\" src=\"https:\/\/static.hupso.com\/share\/js\/share_toolbar.js\"><\/script><!-- Hupso Share Buttons --><\/div>","protected":false},"excerpt":{"rendered":"<p>Tenue de livres &#8211; Service professionnel de comptabilit\u00e9 pour particuliers, les travailleurs autonomes et les entreprises incorpor\u00e9es &#8211; Ottawa<\/p>\n","protected":false},"author":1,"featured_media":0,"parent":0,"menu_order":0,"comment_status":"open","ping_status":"closed","template":"","meta":{"_aioseo_title":"AccountingImp\u00f4ts - Service comptable professionnel CPA","_aioseo_description":"Tenue de livres - Service professionnel de comptabilit\u00e9 pour particuliers, les travailleurs autonomes et les entreprises incorpor\u00e9es - Ottawa","footnotes":""},"class_list":["post-18","page","type-page","status-publish"],"_links":{"self":[{"href":"https:\/\/www.accountingimpots.ca\/fr\/wp-json\/wp\/v2\/pages\/18","targetHints":{"allow":["GET"]}}],"collection":[{"href":"https:\/\/www.accountingimpots.ca\/fr\/wp-json\/wp\/v2\/pages"}],"about":[{"href":"https:\/\/www.accountingimpots.ca\/fr\/wp-json\/wp\/v2\/types\/page"}],"author":[{"embeddable":true,"href":"https:\/\/www.accountingimpots.ca\/fr\/wp-json\/wp\/v2\/users\/1"}],"replies":[{"embeddable":true,"href":"https:\/\/www.accountingimpots.ca\/fr\/wp-json\/wp\/v2\/comments?post=18"}],"version-history":[{"count":2,"href":"https:\/\/www.accountingimpots.ca\/fr\/wp-json\/wp\/v2\/pages\/18\/revisions"}],"predecessor-version":[{"id":1513,"href":"https:\/\/www.accountingimpots.ca\/fr\/wp-json\/wp\/v2\/pages\/18\/revisions\/1513"}],"wp:attachment":[{"href":"https:\/\/www.accountingimpots.ca\/fr\/wp-json\/wp\/v2\/media?parent=18"}],"curies":[{"name":"wp","href":"https:\/\/api.w.org\/{rel}","templated":true}]}}