{"id":15,"date":"2012-12-16T02:44:16","date_gmt":"2012-12-16T02:44:16","guid":{"rendered":"http:\/\/accountingimpots.local\/?page_id=15"},"modified":"2015-01-04T23:37:51","modified_gmt":"2015-01-04T23:37:51","slug":"comptabilite","status":"publish","type":"page","link":"https:\/\/www.accountingimpots.ca\/fr\/comptabilite\/","title":{"rendered":"Services de comptabilit\u00e9"},"content":{"rendered":"<p>M Paradis, CPA, CMA offre une vari\u00e9t\u00e9 de solutions pour tous vos besoins en comptabilit\u00e9, de la r\u00e9vision de projets sp\u00e9cifiques \u00e0 l\u2019installation et \u00e0 la surveillance de syst\u00e8mes de comptabilit\u00e9 pour votre activit\u00e9. <\/p>\n<p>Un comptable qui se sp\u00e9cialise dans:<\/p>\n<ul>\n<li>Le d\u00e9veloppement de budget<\/li>\n<li>La planification financi\u00e8re et les plans d\u2019affaires<\/li>\n<li>L\u2019exercice comptable complet (comptes fournisseurs, comptes \u00e0 recevoir, inventaire, comptabilit\u00e9 g\u00e9n\u00e9rale)<\/li>\n<li>Les \u00e9tats financiers<\/li>\n<li>La pr\u00e9paration pour la v\u00e9rification financi\u00e8re.<\/li>\n<li>Les rapports et remises gouvernementaux<\/li>\n<li>Remise de TPS et de paie<\/li>\n<li>Assistance &#038; d\u00e9veloppement de la paie, feuillets d&rsquo;imp\u00f4t, et les fiches d\u2019employ\u00e9s<\/li>\n<li>Tout projet de comptabilit\u00e9 g\u00e9n\u00e9rale et de d\u00e9veloppement de chiffrier \u00e9lectronique<\/li>\n<\/ul>\n<p>Ses services et son exp\u00e9rience sont parfaits pour les entreprises au stade de d\u00e9marrage mais aussi pour les petites et moyennes entreprises qui ont besoin d\u2019un programme de comptabilit\u00e9 professionnel afin de rencontrer leurs besoins particuliers. <\/p>\n<p>Il se sp\u00e9cialise dans les logiciels de gestion suivants, mais la liste n\u2019est pas exhaustive :<\/p>\n<ul>\n<li>Comptabilit\u00e9 Simple\u2013 Conseiller Officiel<\/li>\n<li>QuickBooks<\/li>\n<li>ACCPAC<\/li>\n<li>Adagio<\/li>\n<\/ul>\n<div style=\"padding-bottom:20px; padding-top:10px;\" class=\"hupso-share-buttons\"><!-- Hupso Share Buttons - http:\/\/www.hupso.com\/share\/ --><a class=\"hupso_toolbar\" href=\"http:\/\/www.hupso.com\/share\/\"><img decoding=\"async\" src=\"https:\/\/static.hupso.com\/share\/buttons\/lang\/fr\/share-medium.png\" style=\"border:0px; padding-top:5px; float:left;\" alt=\"Share Button\"\/><\/a><script type=\"text\/javascript\">var hupso_services_t=new Array(\"Twitter\",\"Facebook\",\"Google Plus\",\"Linkedin\");var hupso_background_t=\"#EAF4FF\";var hupso_border_t=\"#66CCFF\";var hupso_toolbar_size_t=\"medium\";var hupso_twitter_via = \"AccImpots\";var hupso_image_folder_url = \"\";var hupso_twitter_via=\"AccImpots\";var hupso_url_t=\"\";var hupso_title_t=\"Services de comptabilit\u00e9\";<\/script><script type=\"text\/javascript\" src=\"https:\/\/static.hupso.com\/share\/js\/share_toolbar.js\"><\/script><!-- Hupso Share Buttons --><\/div>","protected":false},"excerpt":{"rendered":"<p>Service comptable &#8211; Service comptable d\u2019imp\u00f4t et comptabilit\u00e9 pour particuliers, travailleurs autonomes et les entreprises incorpor\u00e9es &#8211; Ottawa<\/p>\n","protected":false},"author":1,"featured_media":0,"parent":0,"menu_order":0,"comment_status":"open","ping_status":"closed","template":"","meta":{"_aioseo_title":"AccountingImp\u00f4ts - Service comptable professionnel CPA","_aioseo_description":"Service comptable - Service comptable d\u2019imp\u00f4t et comptabilit\u00e9 pour particuliers, travailleurs autonomes et les entreprises incorpor\u00e9es - Ottawa","footnotes":""},"class_list":["post-15","page","type-page","status-publish"],"_links":{"self":[{"href":"https:\/\/www.accountingimpots.ca\/fr\/wp-json\/wp\/v2\/pages\/15","targetHints":{"allow":["GET"]}}],"collection":[{"href":"https:\/\/www.accountingimpots.ca\/fr\/wp-json\/wp\/v2\/pages"}],"about":[{"href":"https:\/\/www.accountingimpots.ca\/fr\/wp-json\/wp\/v2\/types\/page"}],"author":[{"embeddable":true,"href":"https:\/\/www.accountingimpots.ca\/fr\/wp-json\/wp\/v2\/users\/1"}],"replies":[{"embeddable":true,"href":"https:\/\/www.accountingimpots.ca\/fr\/wp-json\/wp\/v2\/comments?post=15"}],"version-history":[{"count":5,"href":"https:\/\/www.accountingimpots.ca\/fr\/wp-json\/wp\/v2\/pages\/15\/revisions"}],"predecessor-version":[{"id":1580,"href":"https:\/\/www.accountingimpots.ca\/fr\/wp-json\/wp\/v2\/pages\/15\/revisions\/1580"}],"wp:attachment":[{"href":"https:\/\/www.accountingimpots.ca\/fr\/wp-json\/wp\/v2\/media?parent=15"}],"curies":[{"name":"wp","href":"https:\/\/api.w.org\/{rel}","templated":true}]}}