{"id":11,"date":"2012-12-16T02:41:00","date_gmt":"2012-12-16T02:41:00","guid":{"rendered":"http:\/\/accountingimpots.local\/?page_id=11"},"modified":"2014-11-28T02:52:10","modified_gmt":"2014-11-28T02:52:10","slug":"solutions-de-systemes","status":"publish","type":"page","link":"https:\/\/www.accountingimpots.ca\/fr\/solutions-de-systemes\/","title":{"rendered":"Solutions de syst\u00e8mes"},"content":{"rendered":"<p>Que vous soyez une entreprise en d\u00e9marrage qui a besoin de d\u00e9velopper et d\u2019installer son propre syst\u00e8me de comptabilit\u00e9, que vous cherchiez \u00e0 am\u00e9liorer votre syst\u00e8me ou que vous souhaitiez simplement \u00eatre aid\u00e9 dans le d\u00e9veloppement de votre syst\u00e8me actuel, nous serons ravis de vous aider! J&rsquo;offre un soutien pour une vari\u00e9t\u00e9 de solutions de syst\u00e8mes, tels que Simple Comptable, QuickBooks et ACCPAC parmi d&rsquo;autres disponibles sur le march\u00e9. <\/p>\n<p>Un comptable en mesure de vous aider entre autres dans les domaines suivants :<\/p>\n<ul>\n<li>D\u00e9veloppement de plans comptables<\/li>\n<li>Comptes fournisseurs, comptes \u00e0 recevoir, fiches de paie, inventaire, les immobilisations, la r\u00e9conciliation bancaire, etc.<\/li>\n<li>\u00c9laboration d&rsquo;\u00e9tats financiers<\/li>\n<li>Paiement (ch\u00e8ques) et enregistrement des d\u00e9p\u00f4ts<\/li>\n<li>D\u00e9veloppement de chiffrier \u00e9lectronique<\/li>\n<\/ul>\n<div style=\"padding-bottom:20px; padding-top:10px;\" class=\"hupso-share-buttons\"><!-- Hupso Share Buttons - http:\/\/www.hupso.com\/share\/ --><a class=\"hupso_toolbar\" href=\"http:\/\/www.hupso.com\/share\/\"><img decoding=\"async\" src=\"https:\/\/static.hupso.com\/share\/buttons\/lang\/fr\/share-medium.png\" style=\"border:0px; padding-top:5px; float:left;\" alt=\"Share Button\"\/><\/a><script type=\"text\/javascript\">var hupso_services_t=new Array(\"Twitter\",\"Facebook\",\"Google Plus\",\"Linkedin\");var hupso_background_t=\"#EAF4FF\";var hupso_border_t=\"#66CCFF\";var hupso_toolbar_size_t=\"medium\";var hupso_twitter_via = \"AccImpots\";var hupso_image_folder_url = \"\";var hupso_twitter_via=\"AccImpots\";var hupso_url_t=\"\";var hupso_title_t=\"Solutions de syst\u00e8mes\";<\/script><script type=\"text\/javascript\" src=\"https:\/\/static.hupso.com\/share\/js\/share_toolbar.js\"><\/script><!-- Hupso Share Buttons --><\/div>","protected":false},"excerpt":{"rendered":"<p>Syst\u00e8mes comptable &#8211; Service professionnel de comptabilit\u00e9 pour particuliers, les travailleurs autonomes et les entreprises incorpor\u00e9es &#8211; Ottawa<\/p>\n","protected":false},"author":1,"featured_media":0,"parent":0,"menu_order":0,"comment_status":"open","ping_status":"closed","template":"","meta":{"_aioseo_title":"AccountingImp\u00f4ts - Service comptable professionnel","_aioseo_description":"Syst\u00e8mes comptable - Service professionnel de comptabilit\u00e9 pour particuliers, les travailleurs autonomes et les entreprises incorpor\u00e9es - Ottawa","footnotes":""},"class_list":["post-11","page","type-page","status-publish"],"_links":{"self":[{"href":"https:\/\/www.accountingimpots.ca\/fr\/wp-json\/wp\/v2\/pages\/11","targetHints":{"allow":["GET"]}}],"collection":[{"href":"https:\/\/www.accountingimpots.ca\/fr\/wp-json\/wp\/v2\/pages"}],"about":[{"href":"https:\/\/www.accountingimpots.ca\/fr\/wp-json\/wp\/v2\/types\/page"}],"author":[{"embeddable":true,"href":"https:\/\/www.accountingimpots.ca\/fr\/wp-json\/wp\/v2\/users\/1"}],"replies":[{"embeddable":true,"href":"https:\/\/www.accountingimpots.ca\/fr\/wp-json\/wp\/v2\/comments?post=11"}],"version-history":[{"count":3,"href":"https:\/\/www.accountingimpots.ca\/fr\/wp-json\/wp\/v2\/pages\/11\/revisions"}],"predecessor-version":[{"id":1514,"href":"https:\/\/www.accountingimpots.ca\/fr\/wp-json\/wp\/v2\/pages\/11\/revisions\/1514"}],"wp:attachment":[{"href":"https:\/\/www.accountingimpots.ca\/fr\/wp-json\/wp\/v2\/media?parent=11"}],"curies":[{"name":"wp","href":"https:\/\/api.w.org\/{rel}","templated":true}]}}